{"id":989138,"date":"2025-05-08T22:06:37","date_gmt":"2025-05-08T22:06:37","guid":{"rendered":"https:\/\/natureshealing.store\/?post_type=product&#038;p=989138"},"modified":"2025-05-30T14:22:00","modified_gmt":"2025-05-30T14:22:00","slug":"natures-healing-gift-card-cop","status":"publish","type":"product","link":"https:\/\/natureshealing.store\/en\/product\/natures-healing-gift-card-cop\/","title":{"rendered":"Nature&#8217;s Healing Gift Card &#8211; COP"},"content":{"rendered":"<p>Uso Exclusivo: La Gift Card solo puede ser utilizada para realizar compras en xsense.store y<br \/>\nno puede ser canjeada por efectivo ni transferida a terceros.<\/p>\n<p>Saldo y Validez: El saldo de la Gift Card puede ser consultado en xsense.store o en nuestras<br \/>\ntiendas f\u00edsicas. La Gift Card no tiene fecha de vencimiento.<\/p>\n<p>Restricciones: La Gift Card no puede ser recargada ni utilizada para comprar otras Gift Cards.<br \/>\nAdem\u00e1s, no puede ser reemplazada en caso de p\u00e9rdida o robo.<\/p>\n<p>Devoluciones: Las compras realizadas con la Gift Card est\u00e1n sujetas a nuestra pol\u00edtica de<br \/>\ndevoluciones est\u00e1ndar. En caso de devoluci\u00f3n, el saldo correspondiente ser\u00e1 acreditado<br \/>\nnuevamente en la Gift Card.<\/p>\n<p>Modificaciones: Nos reservamos el derecho de modificar estos t\u00e9rminos y condiciones en<br \/>\ncualquier momento sin previo aviso.<\/p>","protected":false},"excerpt":{"rendered":"<p>Sorprende a tus seres queridos con la libertad de elegir lo que deseen de nuestra tienda. Nuestra Gift Card es el regalo perfecto para cualquier ocasi\u00f3n. Puede ser utilizada para realizar compras en Nature&#8217;s Healing. \u00a1Dale a tus amigos y familiares el regalo de la elecci\u00f3n!<\/p>","protected":false},"featured_media":988264,"comment_status":"closed","ping_status":"closed","template":"","meta":[],"product_brand":[],"product_cat":[49],"product_tag":[],"giftcard-category":[],"class_list":{"0":"post-989138","1":"product","2":"type-product","3":"status-publish","4":"has-post-thumbnail","6":"product_cat-gifts","8":"first","9":"instock","10":"virtual","11":"taxable","12":"purchasable","13":"product-type-gift-card","14":"add-to-wishlist-before_image"},"yoast_head":"<!-- This site is optimized with the Yoast SEO plugin v27.4 - https:\/\/yoast.com\/product\/yoast-seo-wordpress\/ -->\n<title>Nature&#039;s Healing Gift Card - COP - Nature&#039;s Healing<\/title>\n<meta name=\"robots\" content=\"index, follow, max-snippet:-1, max-image-preview:large, max-video-preview:-1\" \/>\n<link rel=\"canonical\" href=\"https:\/\/natureshealing.store\/en\/product\/natures-healing-gift-card-cop\/\" \/>\n<meta property=\"og:locale\" content=\"en_US\" \/>\n<meta property=\"og:type\" content=\"article\" \/>\n<meta property=\"og:title\" content=\"Nature&#039;s Healing Gift Card - COP - Nature&#039;s Healing\" \/>\n<meta property=\"og:description\" content=\"Sorprende a tus seres queridos con la libertad de elegir lo que deseen de nuestra tienda. Nuestra Gift Card es el regalo perfecto para cualquier ocasi\u00f3n. Puede ser utilizada para realizar compras en Nature&#039;s Healing. \u00a1Dale a tus amigos y familiares el regalo de la elecci\u00f3n!\" \/>\n<meta property=\"og:url\" content=\"https:\/\/natureshealing.store\/en\/product\/natures-healing-gift-card-cop\/\" \/>\n<meta property=\"og:site_name\" content=\"Nature&#039;s Healing\" \/>\n<meta property=\"article:modified_time\" content=\"2025-05-30T14:22:00+00:00\" \/>\n<meta property=\"og:image\" content=\"https:\/\/natureshealing.store\/wp-content\/uploads\/2024\/08\/GIFT-CARDS-NH.webp\" \/>\n\t<meta property=\"og:image:width\" content=\"1001\" \/>\n\t<meta property=\"og:image:height\" content=\"1001\" \/>\n\t<meta property=\"og:image:type\" content=\"image\/webp\" \/>\n<meta name=\"twitter:card\" content=\"summary_large_image\" \/>\n<meta name=\"twitter:label1\" content=\"Est. reading time\" \/>\n\t<meta name=\"twitter:data1\" content=\"1 minute\" \/>\n<script type=\"application\/ld+json\" class=\"yoast-schema-graph\">{\"@context\":\"https:\\\/\\\/schema.org\",\"@graph\":[{\"@type\":\"WebPage\",\"@id\":\"https:\\\/\\\/natureshealing.store\\\/product\\\/natures-healing-gift-card-cop\\\/\",\"url\":\"https:\\\/\\\/natureshealing.store\\\/product\\\/natures-healing-gift-card-cop\\\/\",\"name\":\"Nature's Healing Gift Card - COP - Nature&#039;s Healing\",\"isPartOf\":{\"@id\":\"https:\\\/\\\/natureshealing.store\\\/#website\"},\"primaryImageOfPage\":{\"@id\":\"https:\\\/\\\/natureshealing.store\\\/product\\\/natures-healing-gift-card-cop\\\/#primaryimage\"},\"image\":{\"@id\":\"https:\\\/\\\/natureshealing.store\\\/product\\\/natures-healing-gift-card-cop\\\/#primaryimage\"},\"thumbnailUrl\":\"https:\\\/\\\/i0.wp.com\\\/natureshealing.store\\\/wp-content\\\/uploads\\\/2024\\\/08\\\/GIFT-CARDS-NH.webp?fit=1001%2C1001&ssl=1\",\"datePublished\":\"2025-05-08T22:06:37+00:00\",\"dateModified\":\"2025-05-30T14:22:00+00:00\",\"breadcrumb\":{\"@id\":\"https:\\\/\\\/natureshealing.store\\\/product\\\/natures-healing-gift-card-cop\\\/#breadcrumb\"},\"inLanguage\":\"en-US\",\"potentialAction\":[{\"@type\":\"ReadAction\",\"target\":[\"https:\\\/\\\/natureshealing.store\\\/product\\\/natures-healing-gift-card-cop\\\/\"]}]},{\"@type\":\"ImageObject\",\"inLanguage\":\"en-US\",\"@id\":\"https:\\\/\\\/natureshealing.store\\\/product\\\/natures-healing-gift-card-cop\\\/#primaryimage\",\"url\":\"https:\\\/\\\/i0.wp.com\\\/natureshealing.store\\\/wp-content\\\/uploads\\\/2024\\\/08\\\/GIFT-CARDS-NH.webp?fit=1001%2C1001&ssl=1\",\"contentUrl\":\"https:\\\/\\\/i0.wp.com\\\/natureshealing.store\\\/wp-content\\\/uploads\\\/2024\\\/08\\\/GIFT-CARDS-NH.webp?fit=1001%2C1001&ssl=1\",\"width\":1001,\"height\":1001},{\"@type\":\"BreadcrumbList\",\"@id\":\"https:\\\/\\\/natureshealing.store\\\/product\\\/natures-healing-gift-card-cop\\\/#breadcrumb\",\"itemListElement\":[{\"@type\":\"ListItem\",\"position\":1,\"name\":\"Portada\",\"item\":\"https:\\\/\\\/natureshealing.store\\\/\"},{\"@type\":\"ListItem\",\"position\":2,\"name\":\"Tienda\",\"item\":\"https:\\\/\\\/natureshealing.store\\\/tienda\\\/\"},{\"@type\":\"ListItem\",\"position\":3,\"name\":\"Nature&#8217;s Healing Gift Card &#8211; COP\"}]},{\"@type\":\"WebSite\",\"@id\":\"https:\\\/\\\/natureshealing.store\\\/#website\",\"url\":\"https:\\\/\\\/natureshealing.store\\\/\",\"name\":\"Nature&#039;s Healing\",\"description\":\"Beauty and Health\",\"publisher\":{\"@id\":\"https:\\\/\\\/natureshealing.store\\\/#organization\"},\"potentialAction\":[{\"@type\":\"SearchAction\",\"target\":{\"@type\":\"EntryPoint\",\"urlTemplate\":\"https:\\\/\\\/natureshealing.store\\\/?s={search_term_string}\"},\"query-input\":{\"@type\":\"PropertyValueSpecification\",\"valueRequired\":true,\"valueName\":\"search_term_string\"}}],\"inLanguage\":\"en-US\"},{\"@type\":\"Organization\",\"@id\":\"https:\\\/\\\/natureshealing.store\\\/#organization\",\"name\":\"Nature&#039;s Healing\",\"url\":\"https:\\\/\\\/natureshealing.store\\\/\",\"logo\":{\"@type\":\"ImageObject\",\"inLanguage\":\"en-US\",\"@id\":\"https:\\\/\\\/natureshealing.store\\\/#\\\/schema\\\/logo\\\/image\\\/\",\"url\":\"https:\\\/\\\/i0.wp.com\\\/natureshealing.store\\\/wp-content\\\/uploads\\\/2024\\\/08\\\/logo-Nature%C2%B4s-Heeling-horizontal2-1.png?fit=672%2C368&ssl=1\",\"contentUrl\":\"https:\\\/\\\/i0.wp.com\\\/natureshealing.store\\\/wp-content\\\/uploads\\\/2024\\\/08\\\/logo-Nature%C2%B4s-Heeling-horizontal2-1.png?fit=672%2C368&ssl=1\",\"width\":672,\"height\":368,\"caption\":\"Nature&#039;s Healing\"},\"image\":{\"@id\":\"https:\\\/\\\/natureshealing.store\\\/#\\\/schema\\\/logo\\\/image\\\/\"}}]}<\/script>\n<!-- \/ Yoast SEO plugin. -->","yoast_head_json":{"title":"Nature's Healing Gift Card - COP - Nature&#039;s Healing","robots":{"index":"index","follow":"follow","max-snippet":"max-snippet:-1","max-image-preview":"max-image-preview:large","max-video-preview":"max-video-preview:-1"},"canonical":"https:\/\/natureshealing.store\/en\/product\/natures-healing-gift-card-cop\/","og_locale":"en_US","og_type":"article","og_title":"Nature's Healing Gift Card - COP - Nature&#039;s Healing","og_description":"Sorprende a tus seres queridos con la libertad de elegir lo que deseen de nuestra tienda. Nuestra Gift Card es el regalo perfecto para cualquier ocasi\u00f3n. Puede ser utilizada para realizar compras en Nature's Healing. \u00a1Dale a tus amigos y familiares el regalo de la elecci\u00f3n!","og_url":"https:\/\/natureshealing.store\/en\/product\/natures-healing-gift-card-cop\/","og_site_name":"Nature&#039;s Healing","article_modified_time":"2025-05-30T14:22:00+00:00","og_image":[{"width":1001,"height":1001,"url":"https:\/\/natureshealing.store\/wp-content\/uploads\/2024\/08\/GIFT-CARDS-NH.webp","type":"image\/webp"}],"twitter_card":"summary_large_image","twitter_misc":{"Est. reading time":"1 minute"},"schema":{"@context":"https:\/\/schema.org","@graph":[{"@type":"WebPage","@id":"https:\/\/natureshealing.store\/product\/natures-healing-gift-card-cop\/","url":"https:\/\/natureshealing.store\/product\/natures-healing-gift-card-cop\/","name":"Nature's Healing Gift Card - COP - Nature&#039;s Healing","isPartOf":{"@id":"https:\/\/natureshealing.store\/#website"},"primaryImageOfPage":{"@id":"https:\/\/natureshealing.store\/product\/natures-healing-gift-card-cop\/#primaryimage"},"image":{"@id":"https:\/\/natureshealing.store\/product\/natures-healing-gift-card-cop\/#primaryimage"},"thumbnailUrl":"https:\/\/i0.wp.com\/natureshealing.store\/wp-content\/uploads\/2024\/08\/GIFT-CARDS-NH.webp?fit=1001%2C1001&ssl=1","datePublished":"2025-05-08T22:06:37+00:00","dateModified":"2025-05-30T14:22:00+00:00","breadcrumb":{"@id":"https:\/\/natureshealing.store\/product\/natures-healing-gift-card-cop\/#breadcrumb"},"inLanguage":"en-US","potentialAction":[{"@type":"ReadAction","target":["https:\/\/natureshealing.store\/product\/natures-healing-gift-card-cop\/"]}]},{"@type":"ImageObject","inLanguage":"en-US","@id":"https:\/\/natureshealing.store\/product\/natures-healing-gift-card-cop\/#primaryimage","url":"https:\/\/i0.wp.com\/natureshealing.store\/wp-content\/uploads\/2024\/08\/GIFT-CARDS-NH.webp?fit=1001%2C1001&ssl=1","contentUrl":"https:\/\/i0.wp.com\/natureshealing.store\/wp-content\/uploads\/2024\/08\/GIFT-CARDS-NH.webp?fit=1001%2C1001&ssl=1","width":1001,"height":1001},{"@type":"BreadcrumbList","@id":"https:\/\/natureshealing.store\/product\/natures-healing-gift-card-cop\/#breadcrumb","itemListElement":[{"@type":"ListItem","position":1,"name":"Portada","item":"https:\/\/natureshealing.store\/"},{"@type":"ListItem","position":2,"name":"Tienda","item":"https:\/\/natureshealing.store\/tienda\/"},{"@type":"ListItem","position":3,"name":"Nature&#8217;s Healing Gift Card &#8211; COP"}]},{"@type":"WebSite","@id":"https:\/\/natureshealing.store\/#website","url":"https:\/\/natureshealing.store\/","name":"Nature&#039;s Healing","description":"Beauty and Health","publisher":{"@id":"https:\/\/natureshealing.store\/#organization"},"potentialAction":[{"@type":"SearchAction","target":{"@type":"EntryPoint","urlTemplate":"https:\/\/natureshealing.store\/?s={search_term_string}"},"query-input":{"@type":"PropertyValueSpecification","valueRequired":true,"valueName":"search_term_string"}}],"inLanguage":"en-US"},{"@type":"Organization","@id":"https:\/\/natureshealing.store\/#organization","name":"Nature&#039;s Healing","url":"https:\/\/natureshealing.store\/","logo":{"@type":"ImageObject","inLanguage":"en-US","@id":"https:\/\/natureshealing.store\/#\/schema\/logo\/image\/","url":"https:\/\/i0.wp.com\/natureshealing.store\/wp-content\/uploads\/2024\/08\/logo-Nature%C2%B4s-Heeling-horizontal2-1.png?fit=672%2C368&ssl=1","contentUrl":"https:\/\/i0.wp.com\/natureshealing.store\/wp-content\/uploads\/2024\/08\/logo-Nature%C2%B4s-Heeling-horizontal2-1.png?fit=672%2C368&ssl=1","width":672,"height":368,"caption":"Nature&#039;s Healing"},"image":{"@id":"https:\/\/natureshealing.store\/#\/schema\/logo\/image\/"}}]}},"jetpack_sharing_enabled":true,"_links":{"self":[{"href":"https:\/\/natureshealing.store\/en\/wp-json\/wp\/v2\/product\/989138","targetHints":{"allow":["GET"]}}],"collection":[{"href":"https:\/\/natureshealing.store\/en\/wp-json\/wp\/v2\/product"}],"about":[{"href":"https:\/\/natureshealing.store\/en\/wp-json\/wp\/v2\/types\/product"}],"replies":[{"embeddable":true,"href":"https:\/\/natureshealing.store\/en\/wp-json\/wp\/v2\/comments?post=989138"}],"version-history":[{"count":1,"href":"https:\/\/natureshealing.store\/en\/wp-json\/wp\/v2\/product\/989138\/revisions"}],"predecessor-version":[{"id":989139,"href":"https:\/\/natureshealing.store\/en\/wp-json\/wp\/v2\/product\/989138\/revisions\/989139"}],"wp:featuredmedia":[{"embeddable":true,"href":"https:\/\/natureshealing.store\/en\/wp-json\/wp\/v2\/media\/988264"}],"wp:attachment":[{"href":"https:\/\/natureshealing.store\/en\/wp-json\/wp\/v2\/media?parent=989138"}],"wp:term":[{"taxonomy":"product_brand","embeddable":true,"href":"https:\/\/natureshealing.store\/en\/wp-json\/wp\/v2\/product_brand?post=989138"},{"taxonomy":"product_cat","embeddable":true,"href":"https:\/\/natureshealing.store\/en\/wp-json\/wp\/v2\/product_cat?post=989138"},{"taxonomy":"product_tag","embeddable":true,"href":"https:\/\/natureshealing.store\/en\/wp-json\/wp\/v2\/product_tag?post=989138"},{"taxonomy":"giftcard-category","embeddable":true,"href":"https:\/\/natureshealing.store\/en\/wp-json\/wp\/v2\/giftcard-category?post=989138"}],"curies":[{"name":"wp","href":"https:\/\/api.w.org\/{rel}","templated":true}]}}