{"id":987808,"date":"2024-08-03T17:05:50","date_gmt":"2024-08-03T17:05:50","guid":{"rendered":"https:\/\/natureshealing.store\/product\/producto-7\/"},"modified":"2026-04-14T15:44:03","modified_gmt":"2026-04-14T15:44:03","slug":"serum-noche-age-delay-vitamina-c-e-con-cbd-y-ah","status":"publish","type":"product","link":"https:\/\/natureshealing.store\/en\/product\/serum-noche-age-delay-vitamina-c-e-con-cbd-y-ah\/","title":{"rendered":"Age Delay Night Serum Vitamin C, E with CBD and HA"},"content":{"rendered":"<p>Thanks to its high content of antioxidants and moisturizing properties, this serum helps reduce the signs of aging, improving skin texture and radiance. In addition, extracts of Aloe vera, Arnica montana, Hamamelis Virginiana and Centella Asiatica soothe the skin, reduce inflammation and promote cell regeneration overnight.<\/p>\n<p>With its light, fast-absorbing formula, Age Delay Vitamin C,E CBD+AH Night Serum is easily applied to clean, dry skin before bedtime, so you wake up with smooth, radiant and rejuvenated skin in the morning.<\/p>","protected":false},"excerpt":{"rendered":"<p>The Age Delay Night Serum Vitamin C, E CBD+AH from Nature's Healing\u2122 By Xsense\u2122, an advanced formula designed to revitalize and rejuvenate the skin during the night. With a combination of active ingredients such as Vitamin C, Vitamin E, Cannabidiol (CBD) and Hyaluronic Acid.\nThis serum offers a complete solution for nighttime skin care.<\/p>\n<p><strong>Benefits:<\/strong><br \/>\n\u2022 Night rejuvenation.<br \/>\n\u2022 Deep hydration (Hyaluronic acid).<br \/>\n\u2022 Antioxidant action.<br \/>\n\u2022 Calm and anti-inflammation.<br \/>\n\u2022 Cellular regeneration (Vitamin E).<br \/>\n\u2022 Reduces and helps eliminate skin blemishes.<br \/>\nIncreased illumination and regeneration.<\/p>\n<p><img decoding=\"async\" class=\"alignnone size-full wp-image-987966\" src=\"https:\/\/natureshealing.store\/wp-content\/uploads\/2024\/08\/NATURAL-HEALING-ICONS-XSENSE.webp\" alt=\"\" width=\"298\" height=\"81\" srcset=\"https:\/\/i0.wp.com\/natureshealing.store\/wp-content\/uploads\/2024\/08\/NATURAL-HEALING-ICONS-XSENSE.webp?w=298&amp;ssl=1 298w, https:\/\/i0.wp.com\/natureshealing.store\/wp-content\/uploads\/2024\/08\/NATURAL-HEALING-ICONS-XSENSE.webp?resize=64%2C17&amp;ssl=1 64w\" sizes=\"(max-width: 298px) 100vw, 298px\" \/><\/p>","protected":false},"featured_media":987983,"comment_status":"open","ping_status":"closed","template":"","meta":[],"product_brand":[],"product_cat":[108,109],"product_tag":[],"giftcard-category":[],"class_list":{"0":"post-987808","1":"product","2":"type-product","3":"status-publish","4":"has-post-thumbnail","6":"product_cat-natures-healing","7":"product_cat-serum","9":"first","10":"outofstock","11":"taxable","12":"shipping-taxable","13":"purchasable","14":"product-type-simple","15":"add-to-wishlist-before_image"},"yoast_head":"<!-- This site is optimized with the Yoast SEO plugin v27.4 - https:\/\/yoast.com\/product\/yoast-seo-wordpress\/ -->\n<title>Serum Noche Age Delay Vitamina C, E con CBD y AH - Nature&#039;s Healing<\/title>\n<meta name=\"robots\" content=\"index, follow, max-snippet:-1, max-image-preview:large, max-video-preview:-1\" \/>\n<link rel=\"canonical\" href=\"https:\/\/natureshealing.store\/en\/product\/serum-noche-age-delay-vitamina-c-e-con-cbd-y-ah\/\" \/>\n<meta property=\"og:locale\" content=\"en_US\" \/>\n<meta property=\"og:type\" content=\"article\" \/>\n<meta property=\"og:title\" content=\"Serum Noche Age Delay Vitamina C, E con CBD y AH - Nature&#039;s Healing\" \/>\n<meta property=\"og:description\" content=\"El Serum Noche Age Delay Vitamina C,E CBD+AH de Nature\u00b4s Healing\u2122 By Xsense\u2122, f\u00f3rmula avanzada dise\u00f1ada para revitalizar y rejuvenecer la piel durante la noche. Con una combinaci\u00f3n de ingredientes activos como la Vitamina C , la Vitamina E, el Cannabidiol (CBD) y el \u00c1cido Hialur\u00f3nico, este serum ofrece una soluci\u00f3n completa para el cuidado nocturno de la piel.   Beneficios: \u2022 Rejuvenecimiento nocturno. \u2022 Hidrataci\u00f3n profunda (\u00c1cido hialur\u00f3nico). \u2022 Acci\u00f3n antioxidante (Vitamina C). \u2022 Calma y desinflamaci\u00f3n. \u2022 Regeneraci\u00f3n celular (Vitamina E). \u2022 Disminuye y ayuda a eliminar las manchas de la piel. \u2022 Mayor iluminaci\u00f3n y regeneraci\u00f3n.\" \/>\n<meta property=\"og:url\" content=\"https:\/\/natureshealing.store\/en\/product\/serum-noche-age-delay-vitamina-c-e-con-cbd-y-ah\/\" \/>\n<meta property=\"og:site_name\" content=\"Nature&#039;s Healing\" \/>\n<meta property=\"article:modified_time\" content=\"2026-04-14T15:44:03+00:00\" \/>\n<meta property=\"og:image\" content=\"https:\/\/natureshealing.store\/wp-content\/uploads\/2024\/08\/Serum-Noche-Age-Delay-Vitamina-C-E-con-CBD-y-AH-NH.webp\" \/>\n\t<meta property=\"og:image:width\" content=\"1001\" \/>\n\t<meta property=\"og:image:height\" content=\"1001\" \/>\n\t<meta property=\"og:image:type\" content=\"image\/webp\" \/>\n<meta name=\"twitter:card\" content=\"summary_large_image\" \/>\n<meta name=\"twitter:label1\" content=\"Est. reading time\" \/>\n\t<meta name=\"twitter:data1\" content=\"1 minute\" \/>\n<script type=\"application\/ld+json\" class=\"yoast-schema-graph\">{\"@context\":\"https:\\\/\\\/schema.org\",\"@graph\":[{\"@type\":\"WebPage\",\"@id\":\"https:\\\/\\\/natureshealing.store\\\/product\\\/serum-noche-age-delay-vitamina-c-e-con-cbd-y-ah\\\/\",\"url\":\"https:\\\/\\\/natureshealing.store\\\/product\\\/serum-noche-age-delay-vitamina-c-e-con-cbd-y-ah\\\/\",\"name\":\"Serum Noche Age Delay Vitamina C, E con CBD y AH - Nature&#039;s Healing\",\"isPartOf\":{\"@id\":\"https:\\\/\\\/natureshealing.store\\\/#website\"},\"primaryImageOfPage\":{\"@id\":\"https:\\\/\\\/natureshealing.store\\\/product\\\/serum-noche-age-delay-vitamina-c-e-con-cbd-y-ah\\\/#primaryimage\"},\"image\":{\"@id\":\"https:\\\/\\\/natureshealing.store\\\/product\\\/serum-noche-age-delay-vitamina-c-e-con-cbd-y-ah\\\/#primaryimage\"},\"thumbnailUrl\":\"https:\\\/\\\/i0.wp.com\\\/natureshealing.store\\\/wp-content\\\/uploads\\\/2024\\\/08\\\/Serum-Noche-Age-Delay-Vitamina-C-E-con-CBD-y-AH-NH.webp?fit=1001%2C1001&ssl=1\",\"datePublished\":\"2024-08-03T17:05:50+00:00\",\"dateModified\":\"2026-04-14T15:44:03+00:00\",\"breadcrumb\":{\"@id\":\"https:\\\/\\\/natureshealing.store\\\/product\\\/serum-noche-age-delay-vitamina-c-e-con-cbd-y-ah\\\/#breadcrumb\"},\"inLanguage\":\"en-US\",\"potentialAction\":[{\"@type\":\"ReadAction\",\"target\":[\"https:\\\/\\\/natureshealing.store\\\/product\\\/serum-noche-age-delay-vitamina-c-e-con-cbd-y-ah\\\/\"]}]},{\"@type\":\"ImageObject\",\"inLanguage\":\"en-US\",\"@id\":\"https:\\\/\\\/natureshealing.store\\\/product\\\/serum-noche-age-delay-vitamina-c-e-con-cbd-y-ah\\\/#primaryimage\",\"url\":\"https:\\\/\\\/i0.wp.com\\\/natureshealing.store\\\/wp-content\\\/uploads\\\/2024\\\/08\\\/Serum-Noche-Age-Delay-Vitamina-C-E-con-CBD-y-AH-NH.webp?fit=1001%2C1001&ssl=1\",\"contentUrl\":\"https:\\\/\\\/i0.wp.com\\\/natureshealing.store\\\/wp-content\\\/uploads\\\/2024\\\/08\\\/Serum-Noche-Age-Delay-Vitamina-C-E-con-CBD-y-AH-NH.webp?fit=1001%2C1001&ssl=1\",\"width\":1001,\"height\":1001},{\"@type\":\"BreadcrumbList\",\"@id\":\"https:\\\/\\\/natureshealing.store\\\/product\\\/serum-noche-age-delay-vitamina-c-e-con-cbd-y-ah\\\/#breadcrumb\",\"itemListElement\":[{\"@type\":\"ListItem\",\"position\":1,\"name\":\"Portada\",\"item\":\"https:\\\/\\\/natureshealing.store\\\/\"},{\"@type\":\"ListItem\",\"position\":2,\"name\":\"Tienda\",\"item\":\"https:\\\/\\\/natureshealing.store\\\/tienda\\\/\"},{\"@type\":\"ListItem\",\"position\":3,\"name\":\"Serum Noche Age Delay Vitamina C, E con CBD y AH\"}]},{\"@type\":\"WebSite\",\"@id\":\"https:\\\/\\\/natureshealing.store\\\/#website\",\"url\":\"https:\\\/\\\/natureshealing.store\\\/\",\"name\":\"Nature&#039;s Healing\",\"description\":\"Beauty and Health\",\"publisher\":{\"@id\":\"https:\\\/\\\/natureshealing.store\\\/#organization\"},\"potentialAction\":[{\"@type\":\"SearchAction\",\"target\":{\"@type\":\"EntryPoint\",\"urlTemplate\":\"https:\\\/\\\/natureshealing.store\\\/?s={search_term_string}\"},\"query-input\":{\"@type\":\"PropertyValueSpecification\",\"valueRequired\":true,\"valueName\":\"search_term_string\"}}],\"inLanguage\":\"en-US\"},{\"@type\":\"Organization\",\"@id\":\"https:\\\/\\\/natureshealing.store\\\/#organization\",\"name\":\"Nature&#039;s Healing\",\"url\":\"https:\\\/\\\/natureshealing.store\\\/\",\"logo\":{\"@type\":\"ImageObject\",\"inLanguage\":\"en-US\",\"@id\":\"https:\\\/\\\/natureshealing.store\\\/#\\\/schema\\\/logo\\\/image\\\/\",\"url\":\"https:\\\/\\\/i0.wp.com\\\/natureshealing.store\\\/wp-content\\\/uploads\\\/2024\\\/08\\\/logo-Nature%C2%B4s-Heeling-horizontal2-1.png?fit=672%2C368&ssl=1\",\"contentUrl\":\"https:\\\/\\\/i0.wp.com\\\/natureshealing.store\\\/wp-content\\\/uploads\\\/2024\\\/08\\\/logo-Nature%C2%B4s-Heeling-horizontal2-1.png?fit=672%2C368&ssl=1\",\"width\":672,\"height\":368,\"caption\":\"Nature&#039;s Healing\"},\"image\":{\"@id\":\"https:\\\/\\\/natureshealing.store\\\/#\\\/schema\\\/logo\\\/image\\\/\"}}]}<\/script>\n<!-- \/ Yoast SEO plugin. -->","yoast_head_json":{"title":"Serum Noche Age Delay Vitamina C, E con CBD y AH - Nature&#039;s Healing","robots":{"index":"index","follow":"follow","max-snippet":"max-snippet:-1","max-image-preview":"max-image-preview:large","max-video-preview":"max-video-preview:-1"},"canonical":"https:\/\/natureshealing.store\/en\/product\/serum-noche-age-delay-vitamina-c-e-con-cbd-y-ah\/","og_locale":"en_US","og_type":"article","og_title":"Serum Noche Age Delay Vitamina C, E con CBD y AH - Nature&#039;s Healing","og_description":"El Serum Noche Age Delay Vitamina C,E CBD+AH de Nature\u00b4s Healing\u2122 By Xsense\u2122, f\u00f3rmula avanzada dise\u00f1ada para revitalizar y rejuvenecer la piel durante la noche. Con una combinaci\u00f3n de ingredientes activos como la Vitamina C , la Vitamina E, el Cannabidiol (CBD) y el \u00c1cido Hialur\u00f3nico, este serum ofrece una soluci\u00f3n completa para el cuidado nocturno de la piel.   Beneficios: \u2022 Rejuvenecimiento nocturno. \u2022 Hidrataci\u00f3n profunda (\u00c1cido hialur\u00f3nico). \u2022 Acci\u00f3n antioxidante (Vitamina C). \u2022 Calma y desinflamaci\u00f3n. \u2022 Regeneraci\u00f3n celular (Vitamina E). \u2022 Disminuye y ayuda a eliminar las manchas de la piel. \u2022 Mayor iluminaci\u00f3n y regeneraci\u00f3n.","og_url":"https:\/\/natureshealing.store\/en\/product\/serum-noche-age-delay-vitamina-c-e-con-cbd-y-ah\/","og_site_name":"Nature&#039;s Healing","article_modified_time":"2026-04-14T15:44:03+00:00","og_image":[{"width":1001,"height":1001,"url":"https:\/\/natureshealing.store\/wp-content\/uploads\/2024\/08\/Serum-Noche-Age-Delay-Vitamina-C-E-con-CBD-y-AH-NH.webp","type":"image\/webp"}],"twitter_card":"summary_large_image","twitter_misc":{"Est. reading time":"1 minute"},"schema":{"@context":"https:\/\/schema.org","@graph":[{"@type":"WebPage","@id":"https:\/\/natureshealing.store\/product\/serum-noche-age-delay-vitamina-c-e-con-cbd-y-ah\/","url":"https:\/\/natureshealing.store\/product\/serum-noche-age-delay-vitamina-c-e-con-cbd-y-ah\/","name":"Serum Noche Age Delay Vitamina C, E con CBD y AH - Nature&#039;s Healing","isPartOf":{"@id":"https:\/\/natureshealing.store\/#website"},"primaryImageOfPage":{"@id":"https:\/\/natureshealing.store\/product\/serum-noche-age-delay-vitamina-c-e-con-cbd-y-ah\/#primaryimage"},"image":{"@id":"https:\/\/natureshealing.store\/product\/serum-noche-age-delay-vitamina-c-e-con-cbd-y-ah\/#primaryimage"},"thumbnailUrl":"https:\/\/i0.wp.com\/natureshealing.store\/wp-content\/uploads\/2024\/08\/Serum-Noche-Age-Delay-Vitamina-C-E-con-CBD-y-AH-NH.webp?fit=1001%2C1001&ssl=1","datePublished":"2024-08-03T17:05:50+00:00","dateModified":"2026-04-14T15:44:03+00:00","breadcrumb":{"@id":"https:\/\/natureshealing.store\/product\/serum-noche-age-delay-vitamina-c-e-con-cbd-y-ah\/#breadcrumb"},"inLanguage":"en-US","potentialAction":[{"@type":"ReadAction","target":["https:\/\/natureshealing.store\/product\/serum-noche-age-delay-vitamina-c-e-con-cbd-y-ah\/"]}]},{"@type":"ImageObject","inLanguage":"en-US","@id":"https:\/\/natureshealing.store\/product\/serum-noche-age-delay-vitamina-c-e-con-cbd-y-ah\/#primaryimage","url":"https:\/\/i0.wp.com\/natureshealing.store\/wp-content\/uploads\/2024\/08\/Serum-Noche-Age-Delay-Vitamina-C-E-con-CBD-y-AH-NH.webp?fit=1001%2C1001&ssl=1","contentUrl":"https:\/\/i0.wp.com\/natureshealing.store\/wp-content\/uploads\/2024\/08\/Serum-Noche-Age-Delay-Vitamina-C-E-con-CBD-y-AH-NH.webp?fit=1001%2C1001&ssl=1","width":1001,"height":1001},{"@type":"BreadcrumbList","@id":"https:\/\/natureshealing.store\/product\/serum-noche-age-delay-vitamina-c-e-con-cbd-y-ah\/#breadcrumb","itemListElement":[{"@type":"ListItem","position":1,"name":"Portada","item":"https:\/\/natureshealing.store\/"},{"@type":"ListItem","position":2,"name":"Tienda","item":"https:\/\/natureshealing.store\/tienda\/"},{"@type":"ListItem","position":3,"name":"Serum Noche Age Delay Vitamina C, E con CBD y AH"}]},{"@type":"WebSite","@id":"https:\/\/natureshealing.store\/#website","url":"https:\/\/natureshealing.store\/","name":"Nature&#039;s Healing","description":"Beauty and Health","publisher":{"@id":"https:\/\/natureshealing.store\/#organization"},"potentialAction":[{"@type":"SearchAction","target":{"@type":"EntryPoint","urlTemplate":"https:\/\/natureshealing.store\/?s={search_term_string}"},"query-input":{"@type":"PropertyValueSpecification","valueRequired":true,"valueName":"search_term_string"}}],"inLanguage":"en-US"},{"@type":"Organization","@id":"https:\/\/natureshealing.store\/#organization","name":"Nature&#039;s Healing","url":"https:\/\/natureshealing.store\/","logo":{"@type":"ImageObject","inLanguage":"en-US","@id":"https:\/\/natureshealing.store\/#\/schema\/logo\/image\/","url":"https:\/\/i0.wp.com\/natureshealing.store\/wp-content\/uploads\/2024\/08\/logo-Nature%C2%B4s-Heeling-horizontal2-1.png?fit=672%2C368&ssl=1","contentUrl":"https:\/\/i0.wp.com\/natureshealing.store\/wp-content\/uploads\/2024\/08\/logo-Nature%C2%B4s-Heeling-horizontal2-1.png?fit=672%2C368&ssl=1","width":672,"height":368,"caption":"Nature&#039;s Healing"},"image":{"@id":"https:\/\/natureshealing.store\/#\/schema\/logo\/image\/"}}]}},"jetpack_sharing_enabled":true,"_links":{"self":[{"href":"https:\/\/natureshealing.store\/en\/wp-json\/wp\/v2\/product\/987808","targetHints":{"allow":["GET"]}}],"collection":[{"href":"https:\/\/natureshealing.store\/en\/wp-json\/wp\/v2\/product"}],"about":[{"href":"https:\/\/natureshealing.store\/en\/wp-json\/wp\/v2\/types\/product"}],"replies":[{"embeddable":true,"href":"https:\/\/natureshealing.store\/en\/wp-json\/wp\/v2\/comments?post=987808"}],"version-history":[{"count":1,"href":"https:\/\/natureshealing.store\/en\/wp-json\/wp\/v2\/product\/987808\/revisions"}],"predecessor-version":[{"id":989107,"href":"https:\/\/natureshealing.store\/en\/wp-json\/wp\/v2\/product\/987808\/revisions\/989107"}],"wp:featuredmedia":[{"embeddable":true,"href":"https:\/\/natureshealing.store\/en\/wp-json\/wp\/v2\/media\/987983"}],"wp:attachment":[{"href":"https:\/\/natureshealing.store\/en\/wp-json\/wp\/v2\/media?parent=987808"}],"wp:term":[{"taxonomy":"product_brand","embeddable":true,"href":"https:\/\/natureshealing.store\/en\/wp-json\/wp\/v2\/product_brand?post=987808"},{"taxonomy":"product_cat","embeddable":true,"href":"https:\/\/natureshealing.store\/en\/wp-json\/wp\/v2\/product_cat?post=987808"},{"taxonomy":"product_tag","embeddable":true,"href":"https:\/\/natureshealing.store\/en\/wp-json\/wp\/v2\/product_tag?post=987808"},{"taxonomy":"giftcard-category","embeddable":true,"href":"https:\/\/natureshealing.store\/en\/wp-json\/wp\/v2\/giftcard-category?post=987808"}],"curies":[{"name":"wp","href":"https:\/\/api.w.org\/{rel}","templated":true}]}}