{"id":987807,"date":"2024-08-03T17:05:50","date_gmt":"2024-08-03T17:05:50","guid":{"rendered":"https:\/\/natureshealing.store\/product\/producto-6\/"},"modified":"2026-04-14T15:43:52","modified_gmt":"2026-04-14T15:43:52","slug":"serum-regenerador-cbd-ah-con-alantoina","status":"publish","type":"product","link":"https:\/\/natureshealing.store\/en\/product\/serum-regenerador-cbd-ah-con-alantoina\/","title":{"rendered":"CBD + HA Regenerating Serum with Allantoin (pH Leveler)"},"content":{"rendered":"<p>Nature's Healing\u2122 By Xsense\u2122 Regenerating CBD + HA Allantoin Serum is designed to revitalize, soothe and repair the skin by eliminating scars. With a combination of active ingredients such as Cannabidiol (CBD), Hyaluronic Acid and Allantoin (healing), this serum offers a complete skin care solution.<\/p>","protected":false},"excerpt":{"rendered":"<p>Thanks to its high content of powerful natural antioxidants and moisturizing properties, this serum helps regenerate skin cells, promoting firmer, smoother and more radiant skin. Specially designed for atopic and delicate skin.<br \/>\nWith its light and fast-absorbing formula, the Regenerating Serum CBD + AH Allantoin is easily applied to clean, dry skin, providing deep hydration and an instant feeling of freshness.<\/p>\n<p><strong>Benefits:<\/strong><br \/>\n\u2022 Cellular regeneration,<br \/>\n\u2022 Deep moisturizing for sensitive skin.<br \/>\n\u2022 Antioxidant action.<br \/>\n\u2022 Calm and anti-inflammation.<br \/>\n\u2022 Skin repair.<\/p>\n<p><img decoding=\"async\" class=\"alignnone size-full wp-image-987966\" src=\"https:\/\/natureshealing.store\/wp-content\/uploads\/2024\/08\/NATURAL-HEALING-ICONS-XSENSE.webp\" alt=\"\" width=\"298\" height=\"81\" srcset=\"https:\/\/i0.wp.com\/natureshealing.store\/wp-content\/uploads\/2024\/08\/NATURAL-HEALING-ICONS-XSENSE.webp?w=298&amp;ssl=1 298w, https:\/\/i0.wp.com\/natureshealing.store\/wp-content\/uploads\/2024\/08\/NATURAL-HEALING-ICONS-XSENSE.webp?resize=64%2C17&amp;ssl=1 64w\" sizes=\"(max-width: 298px) 100vw, 298px\" \/><\/p>","protected":false},"featured_media":987982,"comment_status":"open","ping_status":"closed","template":"","meta":[],"product_brand":[],"product_cat":[108,109],"product_tag":[],"giftcard-category":[],"class_list":{"0":"post-987807","1":"product","2":"type-product","3":"status-publish","4":"has-post-thumbnail","6":"product_cat-natures-healing","7":"product_cat-serum","9":"first","10":"outofstock","11":"taxable","12":"shipping-taxable","13":"purchasable","14":"product-type-simple","15":"add-to-wishlist-before_image"},"yoast_head":"<!-- This site is optimized with the Yoast SEO plugin v27.4 - https:\/\/yoast.com\/product\/yoast-seo-wordpress\/ -->\n<title>Serum Regenerador CBD + AH con Alanto\u00edna (Nivelador De pH) - Nature&#039;s Healing<\/title>\n<meta name=\"robots\" content=\"index, follow, max-snippet:-1, max-image-preview:large, max-video-preview:-1\" \/>\n<link rel=\"canonical\" href=\"https:\/\/natureshealing.store\/en\/product\/serum-regenerador-cbd-ah-con-alantoina\/\" \/>\n<meta property=\"og:locale\" content=\"en_US\" \/>\n<meta property=\"og:type\" content=\"article\" \/>\n<meta property=\"og:title\" content=\"Serum Regenerador CBD + AH con Alanto\u00edna (Nivelador De pH) - Nature&#039;s Healing\" \/>\n<meta property=\"og:description\" content=\"Gracias a su alto contenido de potentes antioxidantes naturales y propiedades hidratantes, este Serum ayuda a regenerar las c\u00e9lulas cut\u00e1neas, promoviendo una piel m\u00e1s firme, suave y radiante. Especialmente dise\u00f1ado para pieles at\u00f3picas y delicadas. Con su f\u00f3rmula ligera y de r\u00e1pida absorci\u00f3n, el Serum Regenerador CBD + AH Alanto\u00edna se aplica f\u00e1cilmente sobre la piel limpia y seca, proporcionando una hidrataci\u00f3n profunda y una sensaci\u00f3n de frescura instant\u00e1nea.  Beneficios: \u2022 Regeneraci\u00f3n celular. \u2022 Hidrataci\u00f3n profunda para pieles sensibles. \u2022 Acci\u00f3n antioxidante. \u2022 Calma y desinflama. \u2022 Reparaci\u00f3n cut\u00e1nea.\" \/>\n<meta property=\"og:url\" content=\"https:\/\/natureshealing.store\/en\/product\/serum-regenerador-cbd-ah-con-alantoina\/\" \/>\n<meta property=\"og:site_name\" content=\"Nature&#039;s Healing\" \/>\n<meta property=\"article:modified_time\" content=\"2026-04-14T15:43:52+00:00\" \/>\n<meta property=\"og:image\" content=\"https:\/\/natureshealing.store\/wp-content\/uploads\/2024\/08\/Serum-Regenerador-CBD-AH-con-Alantoina-NH.webp\" \/>\n\t<meta property=\"og:image:width\" content=\"1001\" \/>\n\t<meta property=\"og:image:height\" content=\"1001\" \/>\n\t<meta property=\"og:image:type\" content=\"image\/webp\" \/>\n<meta name=\"twitter:card\" content=\"summary_large_image\" \/>\n<meta name=\"twitter:label1\" content=\"Est. reading time\" \/>\n\t<meta name=\"twitter:data1\" content=\"1 minute\" \/>\n<script type=\"application\/ld+json\" class=\"yoast-schema-graph\">{\"@context\":\"https:\\\/\\\/schema.org\",\"@graph\":[{\"@type\":\"WebPage\",\"@id\":\"https:\\\/\\\/natureshealing.store\\\/product\\\/serum-regenerador-cbd-ah-con-alantoina\\\/\",\"url\":\"https:\\\/\\\/natureshealing.store\\\/product\\\/serum-regenerador-cbd-ah-con-alantoina\\\/\",\"name\":\"Serum Regenerador CBD + AH con Alanto\u00edna (Nivelador De pH) - Nature&#039;s Healing\",\"isPartOf\":{\"@id\":\"https:\\\/\\\/natureshealing.store\\\/#website\"},\"primaryImageOfPage\":{\"@id\":\"https:\\\/\\\/natureshealing.store\\\/product\\\/serum-regenerador-cbd-ah-con-alantoina\\\/#primaryimage\"},\"image\":{\"@id\":\"https:\\\/\\\/natureshealing.store\\\/product\\\/serum-regenerador-cbd-ah-con-alantoina\\\/#primaryimage\"},\"thumbnailUrl\":\"https:\\\/\\\/i0.wp.com\\\/natureshealing.store\\\/wp-content\\\/uploads\\\/2024\\\/08\\\/Serum-Regenerador-CBD-AH-con-Alantoina-NH.webp?fit=1001%2C1001&ssl=1\",\"datePublished\":\"2024-08-03T17:05:50+00:00\",\"dateModified\":\"2026-04-14T15:43:52+00:00\",\"breadcrumb\":{\"@id\":\"https:\\\/\\\/natureshealing.store\\\/product\\\/serum-regenerador-cbd-ah-con-alantoina\\\/#breadcrumb\"},\"inLanguage\":\"en-US\",\"potentialAction\":[{\"@type\":\"ReadAction\",\"target\":[\"https:\\\/\\\/natureshealing.store\\\/product\\\/serum-regenerador-cbd-ah-con-alantoina\\\/\"]}]},{\"@type\":\"ImageObject\",\"inLanguage\":\"en-US\",\"@id\":\"https:\\\/\\\/natureshealing.store\\\/product\\\/serum-regenerador-cbd-ah-con-alantoina\\\/#primaryimage\",\"url\":\"https:\\\/\\\/i0.wp.com\\\/natureshealing.store\\\/wp-content\\\/uploads\\\/2024\\\/08\\\/Serum-Regenerador-CBD-AH-con-Alantoina-NH.webp?fit=1001%2C1001&ssl=1\",\"contentUrl\":\"https:\\\/\\\/i0.wp.com\\\/natureshealing.store\\\/wp-content\\\/uploads\\\/2024\\\/08\\\/Serum-Regenerador-CBD-AH-con-Alantoina-NH.webp?fit=1001%2C1001&ssl=1\",\"width\":1001,\"height\":1001},{\"@type\":\"BreadcrumbList\",\"@id\":\"https:\\\/\\\/natureshealing.store\\\/product\\\/serum-regenerador-cbd-ah-con-alantoina\\\/#breadcrumb\",\"itemListElement\":[{\"@type\":\"ListItem\",\"position\":1,\"name\":\"Portada\",\"item\":\"https:\\\/\\\/natureshealing.store\\\/\"},{\"@type\":\"ListItem\",\"position\":2,\"name\":\"Tienda\",\"item\":\"https:\\\/\\\/natureshealing.store\\\/tienda\\\/\"},{\"@type\":\"ListItem\",\"position\":3,\"name\":\"Serum Regenerador CBD + AH con Alanto\u00edna (Nivelador De pH)\"}]},{\"@type\":\"WebSite\",\"@id\":\"https:\\\/\\\/natureshealing.store\\\/#website\",\"url\":\"https:\\\/\\\/natureshealing.store\\\/\",\"name\":\"Nature&#039;s Healing\",\"description\":\"Beauty and Health\",\"publisher\":{\"@id\":\"https:\\\/\\\/natureshealing.store\\\/#organization\"},\"potentialAction\":[{\"@type\":\"SearchAction\",\"target\":{\"@type\":\"EntryPoint\",\"urlTemplate\":\"https:\\\/\\\/natureshealing.store\\\/?s={search_term_string}\"},\"query-input\":{\"@type\":\"PropertyValueSpecification\",\"valueRequired\":true,\"valueName\":\"search_term_string\"}}],\"inLanguage\":\"en-US\"},{\"@type\":\"Organization\",\"@id\":\"https:\\\/\\\/natureshealing.store\\\/#organization\",\"name\":\"Nature&#039;s Healing\",\"url\":\"https:\\\/\\\/natureshealing.store\\\/\",\"logo\":{\"@type\":\"ImageObject\",\"inLanguage\":\"en-US\",\"@id\":\"https:\\\/\\\/natureshealing.store\\\/#\\\/schema\\\/logo\\\/image\\\/\",\"url\":\"https:\\\/\\\/i0.wp.com\\\/natureshealing.store\\\/wp-content\\\/uploads\\\/2024\\\/08\\\/logo-Nature%C2%B4s-Heeling-horizontal2-1.png?fit=672%2C368&ssl=1\",\"contentUrl\":\"https:\\\/\\\/i0.wp.com\\\/natureshealing.store\\\/wp-content\\\/uploads\\\/2024\\\/08\\\/logo-Nature%C2%B4s-Heeling-horizontal2-1.png?fit=672%2C368&ssl=1\",\"width\":672,\"height\":368,\"caption\":\"Nature&#039;s Healing\"},\"image\":{\"@id\":\"https:\\\/\\\/natureshealing.store\\\/#\\\/schema\\\/logo\\\/image\\\/\"}}]}<\/script>\n<!-- \/ Yoast SEO plugin. -->","yoast_head_json":{"title":"Serum Regenerador CBD + AH con Alanto\u00edna (Nivelador De pH) - Nature&#039;s Healing","robots":{"index":"index","follow":"follow","max-snippet":"max-snippet:-1","max-image-preview":"max-image-preview:large","max-video-preview":"max-video-preview:-1"},"canonical":"https:\/\/natureshealing.store\/en\/product\/serum-regenerador-cbd-ah-con-alantoina\/","og_locale":"en_US","og_type":"article","og_title":"Serum Regenerador CBD + AH con Alanto\u00edna (Nivelador De pH) - Nature&#039;s Healing","og_description":"Gracias a su alto contenido de potentes antioxidantes naturales y propiedades hidratantes, este Serum ayuda a regenerar las c\u00e9lulas cut\u00e1neas, promoviendo una piel m\u00e1s firme, suave y radiante. Especialmente dise\u00f1ado para pieles at\u00f3picas y delicadas. Con su f\u00f3rmula ligera y de r\u00e1pida absorci\u00f3n, el Serum Regenerador CBD + AH Alanto\u00edna se aplica f\u00e1cilmente sobre la piel limpia y seca, proporcionando una hidrataci\u00f3n profunda y una sensaci\u00f3n de frescura instant\u00e1nea.  Beneficios: \u2022 Regeneraci\u00f3n celular. \u2022 Hidrataci\u00f3n profunda para pieles sensibles. \u2022 Acci\u00f3n antioxidante. \u2022 Calma y desinflama. \u2022 Reparaci\u00f3n cut\u00e1nea.","og_url":"https:\/\/natureshealing.store\/en\/product\/serum-regenerador-cbd-ah-con-alantoina\/","og_site_name":"Nature&#039;s Healing","article_modified_time":"2026-04-14T15:43:52+00:00","og_image":[{"width":1001,"height":1001,"url":"https:\/\/natureshealing.store\/wp-content\/uploads\/2024\/08\/Serum-Regenerador-CBD-AH-con-Alantoina-NH.webp","type":"image\/webp"}],"twitter_card":"summary_large_image","twitter_misc":{"Est. reading time":"1 minute"},"schema":{"@context":"https:\/\/schema.org","@graph":[{"@type":"WebPage","@id":"https:\/\/natureshealing.store\/product\/serum-regenerador-cbd-ah-con-alantoina\/","url":"https:\/\/natureshealing.store\/product\/serum-regenerador-cbd-ah-con-alantoina\/","name":"Serum Regenerador CBD + AH con Alanto\u00edna (Nivelador De pH) - Nature&#039;s Healing","isPartOf":{"@id":"https:\/\/natureshealing.store\/#website"},"primaryImageOfPage":{"@id":"https:\/\/natureshealing.store\/product\/serum-regenerador-cbd-ah-con-alantoina\/#primaryimage"},"image":{"@id":"https:\/\/natureshealing.store\/product\/serum-regenerador-cbd-ah-con-alantoina\/#primaryimage"},"thumbnailUrl":"https:\/\/i0.wp.com\/natureshealing.store\/wp-content\/uploads\/2024\/08\/Serum-Regenerador-CBD-AH-con-Alantoina-NH.webp?fit=1001%2C1001&ssl=1","datePublished":"2024-08-03T17:05:50+00:00","dateModified":"2026-04-14T15:43:52+00:00","breadcrumb":{"@id":"https:\/\/natureshealing.store\/product\/serum-regenerador-cbd-ah-con-alantoina\/#breadcrumb"},"inLanguage":"en-US","potentialAction":[{"@type":"ReadAction","target":["https:\/\/natureshealing.store\/product\/serum-regenerador-cbd-ah-con-alantoina\/"]}]},{"@type":"ImageObject","inLanguage":"en-US","@id":"https:\/\/natureshealing.store\/product\/serum-regenerador-cbd-ah-con-alantoina\/#primaryimage","url":"https:\/\/i0.wp.com\/natureshealing.store\/wp-content\/uploads\/2024\/08\/Serum-Regenerador-CBD-AH-con-Alantoina-NH.webp?fit=1001%2C1001&ssl=1","contentUrl":"https:\/\/i0.wp.com\/natureshealing.store\/wp-content\/uploads\/2024\/08\/Serum-Regenerador-CBD-AH-con-Alantoina-NH.webp?fit=1001%2C1001&ssl=1","width":1001,"height":1001},{"@type":"BreadcrumbList","@id":"https:\/\/natureshealing.store\/product\/serum-regenerador-cbd-ah-con-alantoina\/#breadcrumb","itemListElement":[{"@type":"ListItem","position":1,"name":"Portada","item":"https:\/\/natureshealing.store\/"},{"@type":"ListItem","position":2,"name":"Tienda","item":"https:\/\/natureshealing.store\/tienda\/"},{"@type":"ListItem","position":3,"name":"Serum Regenerador CBD + AH con Alanto\u00edna (Nivelador De pH)"}]},{"@type":"WebSite","@id":"https:\/\/natureshealing.store\/#website","url":"https:\/\/natureshealing.store\/","name":"Nature&#039;s Healing","description":"Beauty and Health","publisher":{"@id":"https:\/\/natureshealing.store\/#organization"},"potentialAction":[{"@type":"SearchAction","target":{"@type":"EntryPoint","urlTemplate":"https:\/\/natureshealing.store\/?s={search_term_string}"},"query-input":{"@type":"PropertyValueSpecification","valueRequired":true,"valueName":"search_term_string"}}],"inLanguage":"en-US"},{"@type":"Organization","@id":"https:\/\/natureshealing.store\/#organization","name":"Nature&#039;s Healing","url":"https:\/\/natureshealing.store\/","logo":{"@type":"ImageObject","inLanguage":"en-US","@id":"https:\/\/natureshealing.store\/#\/schema\/logo\/image\/","url":"https:\/\/i0.wp.com\/natureshealing.store\/wp-content\/uploads\/2024\/08\/logo-Nature%C2%B4s-Heeling-horizontal2-1.png?fit=672%2C368&ssl=1","contentUrl":"https:\/\/i0.wp.com\/natureshealing.store\/wp-content\/uploads\/2024\/08\/logo-Nature%C2%B4s-Heeling-horizontal2-1.png?fit=672%2C368&ssl=1","width":672,"height":368,"caption":"Nature&#039;s Healing"},"image":{"@id":"https:\/\/natureshealing.store\/#\/schema\/logo\/image\/"}}]}},"jetpack_sharing_enabled":true,"_links":{"self":[{"href":"https:\/\/natureshealing.store\/en\/wp-json\/wp\/v2\/product\/987807","targetHints":{"allow":["GET"]}}],"collection":[{"href":"https:\/\/natureshealing.store\/en\/wp-json\/wp\/v2\/product"}],"about":[{"href":"https:\/\/natureshealing.store\/en\/wp-json\/wp\/v2\/types\/product"}],"replies":[{"embeddable":true,"href":"https:\/\/natureshealing.store\/en\/wp-json\/wp\/v2\/comments?post=987807"}],"version-history":[{"count":1,"href":"https:\/\/natureshealing.store\/en\/wp-json\/wp\/v2\/product\/987807\/revisions"}],"predecessor-version":[{"id":989106,"href":"https:\/\/natureshealing.store\/en\/wp-json\/wp\/v2\/product\/987807\/revisions\/989106"}],"wp:featuredmedia":[{"embeddable":true,"href":"https:\/\/natureshealing.store\/en\/wp-json\/wp\/v2\/media\/987982"}],"wp:attachment":[{"href":"https:\/\/natureshealing.store\/en\/wp-json\/wp\/v2\/media?parent=987807"}],"wp:term":[{"taxonomy":"product_brand","embeddable":true,"href":"https:\/\/natureshealing.store\/en\/wp-json\/wp\/v2\/product_brand?post=987807"},{"taxonomy":"product_cat","embeddable":true,"href":"https:\/\/natureshealing.store\/en\/wp-json\/wp\/v2\/product_cat?post=987807"},{"taxonomy":"product_tag","embeddable":true,"href":"https:\/\/natureshealing.store\/en\/wp-json\/wp\/v2\/product_tag?post=987807"},{"taxonomy":"giftcard-category","embeddable":true,"href":"https:\/\/natureshealing.store\/en\/wp-json\/wp\/v2\/giftcard-category?post=987807"}],"curies":[{"name":"wp","href":"https:\/\/api.w.org\/{rel}","templated":true}]}}