{"id":987806,"date":"2024-08-03T17:05:50","date_gmt":"2024-08-03T17:05:50","guid":{"rendered":"https:\/\/natureshealing.store\/product\/producto-5\/"},"modified":"2026-04-14T15:43:42","modified_gmt":"2026-04-14T15:43:42","slug":"serum-age-delay-cbd-ah","status":"publish","type":"product","link":"https:\/\/natureshealing.store\/en\/product\/serum-age-delay-cbd-ah\/","title":{"rendered":"Age Delay CBD + AH Serum (PH Leveler)"},"content":{"rendered":"<p>Nature's Healing\u2122 By Xsense\u2122 Facial Serum with CBD and Hyaluronic Acid is an advanced formula that combines the antioxidant and anti-inflammatory benefits of CBD with the hydrating properties of Hyaluronic Acid. This powerful combination soothes, hydrates and rejuvenates the skin, reducing inflammation, improving elasticity and promoting a more youthful appearance.<\/p>","protected":false},"excerpt":{"rendered":"<p>CBD is not only recognized for its anti-inflammatory and antioxidant properties, but it is also a highly effective facilitator for the introduction of the rest of the active ingredients into the skin. Thanks to its high acceptance and affinity with our endocannabinoid system, CBD maximizes the absorption and effectiveness of the active ingredients, enhancing its benefits.<\/p>\n<p><strong>Benefits:<\/strong><br \/>\n\u2022 Deep and long-lasting hydration.<br \/>\n\u2022 Soothes irritated skin and reduces inflammation.<br \/>\n\u2022 Lifting effect.<br \/>\n\u2022 Reduction of expression lines.<br \/>\n\u2022 Reduction of eye bags.<\/p>\n<p><img decoding=\"async\" class=\"alignnone size-full wp-image-987966\" src=\"https:\/\/natureshealing.store\/wp-content\/uploads\/2024\/08\/NATURAL-HEALING-ICONS-XSENSE.webp\" alt=\"\" width=\"298\" height=\"81\" srcset=\"https:\/\/i0.wp.com\/natureshealing.store\/wp-content\/uploads\/2024\/08\/NATURAL-HEALING-ICONS-XSENSE.webp?w=298&amp;ssl=1 298w, https:\/\/i0.wp.com\/natureshealing.store\/wp-content\/uploads\/2024\/08\/NATURAL-HEALING-ICONS-XSENSE.webp?resize=64%2C17&amp;ssl=1 64w\" sizes=\"(max-width: 298px) 100vw, 298px\" \/><\/p>","protected":false},"featured_media":987978,"comment_status":"open","ping_status":"closed","template":"","meta":[],"product_brand":[],"product_cat":[108,109],"product_tag":[],"giftcard-category":[],"class_list":{"0":"post-987806","1":"product","2":"type-product","3":"status-publish","4":"has-post-thumbnail","6":"product_cat-natures-healing","7":"product_cat-serum","9":"first","10":"outofstock","11":"taxable","12":"shipping-taxable","13":"purchasable","14":"product-type-simple","15":"add-to-wishlist-before_image"},"yoast_head":"<!-- This site is optimized with the Yoast SEO plugin v27.4 - https:\/\/yoast.com\/product\/yoast-seo-wordpress\/ -->\n<title>Serum Age Delay CBD + AH (Nivelador De pH) - Nature&#039;s Healing<\/title>\n<meta name=\"robots\" content=\"index, follow, max-snippet:-1, max-image-preview:large, max-video-preview:-1\" \/>\n<link rel=\"canonical\" href=\"https:\/\/natureshealing.store\/en\/product\/serum-age-delay-cbd-ah\/\" \/>\n<meta property=\"og:locale\" content=\"en_US\" \/>\n<meta property=\"og:type\" content=\"article\" \/>\n<meta property=\"og:title\" content=\"Serum Age Delay CBD + AH (Nivelador De pH) - Nature&#039;s Healing\" \/>\n<meta property=\"og:description\" content=\"El CBD no solo es reconocido por sus propiedades antiinflamatorias y antioxidantes, sino que tambi\u00e9n es un facilitador de alta eficacia para la introducci\u00f3n del resto de activos dentro de la piel. Gracias a su alta aceptaci\u00f3n y afinidad con nuestro sistema endocannabinoide, el CBD maximiza la absorci\u00f3n y efectividad de los ingredientes activos, potenciando sus beneficios.  Beneficios: \u2022 Hidrataci\u00f3n profunda y duradera. \u2022 Calma la piel irritada y reduce la inflamaci\u00f3n. \u2022 Efecto Lifting. \u2022 Disminuci\u00f3n de l\u00edneas de expresi\u00f3n. \u2022 Reducci\u00f3n de bosas oculares.\" \/>\n<meta property=\"og:url\" content=\"https:\/\/natureshealing.store\/en\/product\/serum-age-delay-cbd-ah\/\" \/>\n<meta property=\"og:site_name\" content=\"Nature&#039;s Healing\" \/>\n<meta property=\"article:modified_time\" content=\"2026-04-14T15:43:42+00:00\" \/>\n<meta property=\"og:image\" content=\"https:\/\/natureshealing.store\/wp-content\/uploads\/2024\/08\/Serum-Age-Delay-CBD-AH-Nivelador-De-pH-NH.webp\" \/>\n\t<meta property=\"og:image:width\" content=\"1000\" \/>\n\t<meta property=\"og:image:height\" content=\"1000\" \/>\n\t<meta property=\"og:image:type\" content=\"image\/webp\" \/>\n<meta name=\"twitter:card\" content=\"summary_large_image\" \/>\n<meta name=\"twitter:label1\" content=\"Est. reading time\" \/>\n\t<meta name=\"twitter:data1\" content=\"1 minute\" \/>\n<script type=\"application\/ld+json\" class=\"yoast-schema-graph\">{\"@context\":\"https:\\\/\\\/schema.org\",\"@graph\":[{\"@type\":\"WebPage\",\"@id\":\"https:\\\/\\\/natureshealing.store\\\/product\\\/serum-age-delay-cbd-ah\\\/\",\"url\":\"https:\\\/\\\/natureshealing.store\\\/product\\\/serum-age-delay-cbd-ah\\\/\",\"name\":\"Serum Age Delay CBD + AH (Nivelador De pH) - Nature&#039;s Healing\",\"isPartOf\":{\"@id\":\"https:\\\/\\\/natureshealing.store\\\/#website\"},\"primaryImageOfPage\":{\"@id\":\"https:\\\/\\\/natureshealing.store\\\/product\\\/serum-age-delay-cbd-ah\\\/#primaryimage\"},\"image\":{\"@id\":\"https:\\\/\\\/natureshealing.store\\\/product\\\/serum-age-delay-cbd-ah\\\/#primaryimage\"},\"thumbnailUrl\":\"https:\\\/\\\/i0.wp.com\\\/natureshealing.store\\\/wp-content\\\/uploads\\\/2024\\\/08\\\/Serum-Age-Delay-CBD-AH-Nivelador-De-pH-NH.webp?fit=1000%2C1000&ssl=1\",\"datePublished\":\"2024-08-03T17:05:50+00:00\",\"dateModified\":\"2026-04-14T15:43:42+00:00\",\"breadcrumb\":{\"@id\":\"https:\\\/\\\/natureshealing.store\\\/product\\\/serum-age-delay-cbd-ah\\\/#breadcrumb\"},\"inLanguage\":\"en-US\",\"potentialAction\":[{\"@type\":\"ReadAction\",\"target\":[\"https:\\\/\\\/natureshealing.store\\\/product\\\/serum-age-delay-cbd-ah\\\/\"]}]},{\"@type\":\"ImageObject\",\"inLanguage\":\"en-US\",\"@id\":\"https:\\\/\\\/natureshealing.store\\\/product\\\/serum-age-delay-cbd-ah\\\/#primaryimage\",\"url\":\"https:\\\/\\\/i0.wp.com\\\/natureshealing.store\\\/wp-content\\\/uploads\\\/2024\\\/08\\\/Serum-Age-Delay-CBD-AH-Nivelador-De-pH-NH.webp?fit=1000%2C1000&ssl=1\",\"contentUrl\":\"https:\\\/\\\/i0.wp.com\\\/natureshealing.store\\\/wp-content\\\/uploads\\\/2024\\\/08\\\/Serum-Age-Delay-CBD-AH-Nivelador-De-pH-NH.webp?fit=1000%2C1000&ssl=1\",\"width\":1000,\"height\":1000},{\"@type\":\"BreadcrumbList\",\"@id\":\"https:\\\/\\\/natureshealing.store\\\/product\\\/serum-age-delay-cbd-ah\\\/#breadcrumb\",\"itemListElement\":[{\"@type\":\"ListItem\",\"position\":1,\"name\":\"Portada\",\"item\":\"https:\\\/\\\/natureshealing.store\\\/\"},{\"@type\":\"ListItem\",\"position\":2,\"name\":\"Tienda\",\"item\":\"https:\\\/\\\/natureshealing.store\\\/tienda\\\/\"},{\"@type\":\"ListItem\",\"position\":3,\"name\":\"Serum Age Delay CBD + AH (Nivelador De pH)\"}]},{\"@type\":\"WebSite\",\"@id\":\"https:\\\/\\\/natureshealing.store\\\/#website\",\"url\":\"https:\\\/\\\/natureshealing.store\\\/\",\"name\":\"Nature&#039;s Healing\",\"description\":\"Beauty and Health\",\"publisher\":{\"@id\":\"https:\\\/\\\/natureshealing.store\\\/#organization\"},\"potentialAction\":[{\"@type\":\"SearchAction\",\"target\":{\"@type\":\"EntryPoint\",\"urlTemplate\":\"https:\\\/\\\/natureshealing.store\\\/?s={search_term_string}\"},\"query-input\":{\"@type\":\"PropertyValueSpecification\",\"valueRequired\":true,\"valueName\":\"search_term_string\"}}],\"inLanguage\":\"en-US\"},{\"@type\":\"Organization\",\"@id\":\"https:\\\/\\\/natureshealing.store\\\/#organization\",\"name\":\"Nature&#039;s Healing\",\"url\":\"https:\\\/\\\/natureshealing.store\\\/\",\"logo\":{\"@type\":\"ImageObject\",\"inLanguage\":\"en-US\",\"@id\":\"https:\\\/\\\/natureshealing.store\\\/#\\\/schema\\\/logo\\\/image\\\/\",\"url\":\"https:\\\/\\\/i0.wp.com\\\/natureshealing.store\\\/wp-content\\\/uploads\\\/2024\\\/08\\\/logo-Nature%C2%B4s-Heeling-horizontal2-1.png?fit=672%2C368&ssl=1\",\"contentUrl\":\"https:\\\/\\\/i0.wp.com\\\/natureshealing.store\\\/wp-content\\\/uploads\\\/2024\\\/08\\\/logo-Nature%C2%B4s-Heeling-horizontal2-1.png?fit=672%2C368&ssl=1\",\"width\":672,\"height\":368,\"caption\":\"Nature&#039;s Healing\"},\"image\":{\"@id\":\"https:\\\/\\\/natureshealing.store\\\/#\\\/schema\\\/logo\\\/image\\\/\"}}]}<\/script>\n<!-- \/ Yoast SEO plugin. -->","yoast_head_json":{"title":"Serum Age Delay CBD + AH (Nivelador De pH) - Nature&#039;s Healing","robots":{"index":"index","follow":"follow","max-snippet":"max-snippet:-1","max-image-preview":"max-image-preview:large","max-video-preview":"max-video-preview:-1"},"canonical":"https:\/\/natureshealing.store\/en\/product\/serum-age-delay-cbd-ah\/","og_locale":"en_US","og_type":"article","og_title":"Serum Age Delay CBD + AH (Nivelador De pH) - Nature&#039;s Healing","og_description":"El CBD no solo es reconocido por sus propiedades antiinflamatorias y antioxidantes, sino que tambi\u00e9n es un facilitador de alta eficacia para la introducci\u00f3n del resto de activos dentro de la piel. Gracias a su alta aceptaci\u00f3n y afinidad con nuestro sistema endocannabinoide, el CBD maximiza la absorci\u00f3n y efectividad de los ingredientes activos, potenciando sus beneficios.  Beneficios: \u2022 Hidrataci\u00f3n profunda y duradera. \u2022 Calma la piel irritada y reduce la inflamaci\u00f3n. \u2022 Efecto Lifting. \u2022 Disminuci\u00f3n de l\u00edneas de expresi\u00f3n. \u2022 Reducci\u00f3n de bosas oculares.","og_url":"https:\/\/natureshealing.store\/en\/product\/serum-age-delay-cbd-ah\/","og_site_name":"Nature&#039;s Healing","article_modified_time":"2026-04-14T15:43:42+00:00","og_image":[{"width":1000,"height":1000,"url":"https:\/\/natureshealing.store\/wp-content\/uploads\/2024\/08\/Serum-Age-Delay-CBD-AH-Nivelador-De-pH-NH.webp","type":"image\/webp"}],"twitter_card":"summary_large_image","twitter_misc":{"Est. reading time":"1 minute"},"schema":{"@context":"https:\/\/schema.org","@graph":[{"@type":"WebPage","@id":"https:\/\/natureshealing.store\/product\/serum-age-delay-cbd-ah\/","url":"https:\/\/natureshealing.store\/product\/serum-age-delay-cbd-ah\/","name":"Serum Age Delay CBD + AH (Nivelador De pH) - Nature&#039;s Healing","isPartOf":{"@id":"https:\/\/natureshealing.store\/#website"},"primaryImageOfPage":{"@id":"https:\/\/natureshealing.store\/product\/serum-age-delay-cbd-ah\/#primaryimage"},"image":{"@id":"https:\/\/natureshealing.store\/product\/serum-age-delay-cbd-ah\/#primaryimage"},"thumbnailUrl":"https:\/\/i0.wp.com\/natureshealing.store\/wp-content\/uploads\/2024\/08\/Serum-Age-Delay-CBD-AH-Nivelador-De-pH-NH.webp?fit=1000%2C1000&ssl=1","datePublished":"2024-08-03T17:05:50+00:00","dateModified":"2026-04-14T15:43:42+00:00","breadcrumb":{"@id":"https:\/\/natureshealing.store\/product\/serum-age-delay-cbd-ah\/#breadcrumb"},"inLanguage":"en-US","potentialAction":[{"@type":"ReadAction","target":["https:\/\/natureshealing.store\/product\/serum-age-delay-cbd-ah\/"]}]},{"@type":"ImageObject","inLanguage":"en-US","@id":"https:\/\/natureshealing.store\/product\/serum-age-delay-cbd-ah\/#primaryimage","url":"https:\/\/i0.wp.com\/natureshealing.store\/wp-content\/uploads\/2024\/08\/Serum-Age-Delay-CBD-AH-Nivelador-De-pH-NH.webp?fit=1000%2C1000&ssl=1","contentUrl":"https:\/\/i0.wp.com\/natureshealing.store\/wp-content\/uploads\/2024\/08\/Serum-Age-Delay-CBD-AH-Nivelador-De-pH-NH.webp?fit=1000%2C1000&ssl=1","width":1000,"height":1000},{"@type":"BreadcrumbList","@id":"https:\/\/natureshealing.store\/product\/serum-age-delay-cbd-ah\/#breadcrumb","itemListElement":[{"@type":"ListItem","position":1,"name":"Portada","item":"https:\/\/natureshealing.store\/"},{"@type":"ListItem","position":2,"name":"Tienda","item":"https:\/\/natureshealing.store\/tienda\/"},{"@type":"ListItem","position":3,"name":"Serum Age Delay CBD + AH (Nivelador De pH)"}]},{"@type":"WebSite","@id":"https:\/\/natureshealing.store\/#website","url":"https:\/\/natureshealing.store\/","name":"Nature&#039;s Healing","description":"Beauty and Health","publisher":{"@id":"https:\/\/natureshealing.store\/#organization"},"potentialAction":[{"@type":"SearchAction","target":{"@type":"EntryPoint","urlTemplate":"https:\/\/natureshealing.store\/?s={search_term_string}"},"query-input":{"@type":"PropertyValueSpecification","valueRequired":true,"valueName":"search_term_string"}}],"inLanguage":"en-US"},{"@type":"Organization","@id":"https:\/\/natureshealing.store\/#organization","name":"Nature&#039;s Healing","url":"https:\/\/natureshealing.store\/","logo":{"@type":"ImageObject","inLanguage":"en-US","@id":"https:\/\/natureshealing.store\/#\/schema\/logo\/image\/","url":"https:\/\/i0.wp.com\/natureshealing.store\/wp-content\/uploads\/2024\/08\/logo-Nature%C2%B4s-Heeling-horizontal2-1.png?fit=672%2C368&ssl=1","contentUrl":"https:\/\/i0.wp.com\/natureshealing.store\/wp-content\/uploads\/2024\/08\/logo-Nature%C2%B4s-Heeling-horizontal2-1.png?fit=672%2C368&ssl=1","width":672,"height":368,"caption":"Nature&#039;s Healing"},"image":{"@id":"https:\/\/natureshealing.store\/#\/schema\/logo\/image\/"}}]}},"jetpack_sharing_enabled":true,"_links":{"self":[{"href":"https:\/\/natureshealing.store\/en\/wp-json\/wp\/v2\/product\/987806","targetHints":{"allow":["GET"]}}],"collection":[{"href":"https:\/\/natureshealing.store\/en\/wp-json\/wp\/v2\/product"}],"about":[{"href":"https:\/\/natureshealing.store\/en\/wp-json\/wp\/v2\/types\/product"}],"replies":[{"embeddable":true,"href":"https:\/\/natureshealing.store\/en\/wp-json\/wp\/v2\/comments?post=987806"}],"version-history":[{"count":2,"href":"https:\/\/natureshealing.store\/en\/wp-json\/wp\/v2\/product\/987806\/revisions"}],"predecessor-version":[{"id":989109,"href":"https:\/\/natureshealing.store\/en\/wp-json\/wp\/v2\/product\/987806\/revisions\/989109"}],"wp:featuredmedia":[{"embeddable":true,"href":"https:\/\/natureshealing.store\/en\/wp-json\/wp\/v2\/media\/987978"}],"wp:attachment":[{"href":"https:\/\/natureshealing.store\/en\/wp-json\/wp\/v2\/media?parent=987806"}],"wp:term":[{"taxonomy":"product_brand","embeddable":true,"href":"https:\/\/natureshealing.store\/en\/wp-json\/wp\/v2\/product_brand?post=987806"},{"taxonomy":"product_cat","embeddable":true,"href":"https:\/\/natureshealing.store\/en\/wp-json\/wp\/v2\/product_cat?post=987806"},{"taxonomy":"product_tag","embeddable":true,"href":"https:\/\/natureshealing.store\/en\/wp-json\/wp\/v2\/product_tag?post=987806"},{"taxonomy":"giftcard-category","embeddable":true,"href":"https:\/\/natureshealing.store\/en\/wp-json\/wp\/v2\/giftcard-category?post=987806"}],"curies":[{"name":"wp","href":"https:\/\/api.w.org\/{rel}","templated":true}]}}