{"id":987805,"date":"2024-08-03T17:05:50","date_gmt":"2024-08-03T17:05:50","guid":{"rendered":"https:\/\/natureshealing.store\/product\/producto-4\/"},"modified":"2026-04-14T15:43:31","modified_gmt":"2026-04-14T15:43:31","slug":"crema-corporal-pre-entreno-cbd","status":"publish","type":"product","link":"https:\/\/natureshealing.store\/en\/product\/crema-corporal-pre-entreno-cbd\/","title":{"rendered":"Pre Workout Body Cream + CBD"},"content":{"rendered":"<p>Ideal para antes, durante y despu\u00e9s de tu actividad f\u00edsica, mejora la circulaci\u00f3n sangu\u00ednea y ayuda a reducir la fatiga, preparando tu cuerpo para un rendimiento \u00f3ptimo durante el entrenamiento extremo.<\/p>\n<p>Adem\u00e1s, la presencia de Aceite de \u00c1rnica proporciona propiedades antiinflamatorias y alivio del dolor, relajando tus m\u00fasculos despu\u00e9s de la jornada y ayudando a prevenir lesiones y molestias musculares.<\/p>\n<p>Gracias a su f\u00f3rmula ligera y de r\u00e1pida absorci\u00f3n se aplica f\u00e1cilmente sobre la piel, brindando una sensaci\u00f3n de frescura y revitalizaci\u00f3n instant\u00e1nea. Prep\u00e1rate para potenciar tu entrenamiento con nuestra crema enriquecida con CBD.<\/p>","protected":false},"excerpt":{"rendered":"<p>Nature's Healing\u2122 Pre-Workout Body Cream + CBD is a combination designed to optimize your physical performance. Enriched with Cannabidiol (CBD), recognized for its ability to facilitate the absorption of active ingredients, this cream offers a refreshing and energizing sensation to boost your workout.<\/p>\n<p><strong>Benefits:<\/strong><br \/>\n\u2022 Deep and long-lasting hydration.<br \/>\n\u2022 Prepares and energizes the skin before training.<br \/>\n\u2022 Conditions, prepares, soothes muscles and reduces fatigue.<br \/>\n\u2022 Special for people with chronic ailments.<br \/>\n\u2022 Improves blood circulation.<br \/>\n\u2022 Provides pain relief and reduces chronic disorders.<br \/>\n\u2022 Helps prevent muscle injuries and discomfort.<\/p>\n<p><img decoding=\"async\" class=\"alignnone size-full wp-image-987966\" src=\"https:\/\/natureshealing.store\/wp-content\/uploads\/2024\/08\/NATURAL-HEALING-ICONS-XSENSE.webp\" alt=\"\" width=\"298\" height=\"81\" srcset=\"https:\/\/i0.wp.com\/natureshealing.store\/wp-content\/uploads\/2024\/08\/NATURAL-HEALING-ICONS-XSENSE.webp?w=298&amp;ssl=1 298w, https:\/\/i0.wp.com\/natureshealing.store\/wp-content\/uploads\/2024\/08\/NATURAL-HEALING-ICONS-XSENSE.webp?resize=64%2C17&amp;ssl=1 64w\" sizes=\"(max-width: 298px) 100vw, 298px\" \/><\/p>","protected":false},"featured_media":988232,"comment_status":"open","ping_status":"closed","template":"","meta":[],"product_brand":[],"product_cat":[110,108],"product_tag":[],"giftcard-category":[],"class_list":{"0":"post-987805","1":"product","2":"type-product","3":"status-publish","4":"has-post-thumbnail","6":"product_cat-crema","7":"product_cat-natures-healing","9":"first","10":"outofstock","11":"taxable","12":"shipping-taxable","13":"purchasable","14":"product-type-simple","15":"add-to-wishlist-before_image"},"yoast_head":"<!-- This site is optimized with the Yoast SEO plugin v27.4 - https:\/\/yoast.com\/product\/yoast-seo-wordpress\/ -->\n<title>Crema Corporal Pre Entreno + CBD - Nature&#039;s Healing<\/title>\n<meta name=\"robots\" content=\"index, follow, max-snippet:-1, max-image-preview:large, max-video-preview:-1\" \/>\n<link rel=\"canonical\" href=\"https:\/\/natureshealing.store\/en\/product\/crema-corporal-pre-entreno-cbd\/\" \/>\n<meta property=\"og:locale\" content=\"en_US\" \/>\n<meta property=\"og:type\" content=\"article\" \/>\n<meta property=\"og:title\" content=\"Crema Corporal Pre Entreno + CBD - Nature&#039;s Healing\" \/>\n<meta property=\"og:description\" content=\"La Crema Corporal Pre Entreno + CBD de Nature&#039;s Healing\u2122 es una combinaci\u00f3n dise\u00f1ada para optimizar tu rendimiento f\u00edsico. Enriquecida con Cannabidiol (CBD), reconocido por su capacidad para facilitar la absorci\u00f3n de ingredientes activos, esta crema ofrece una sensaci\u00f3n refrescante y energizante para potenciar tu entrenamiento.  Beneficios: \u2022 Hidrataci\u00f3n profunda y duradera. \u2022 Prepara y energiza la piel antes del entrenamiento. \u2022 Acondiciona, prepara, calma los m\u00fasculos y reduce la fatiga. \u2022 Especial para personas con dolencias cr\u00f3nicas. \u2022 Mejora la circulaci\u00f3n sangu\u00ednea. \u2022 Proporciona alivio del dolor y reduce la y trastornos cr\u00f3nicos. \u2022 Ayuda a prevenir lesiones musculares y molestias.\" \/>\n<meta property=\"og:url\" content=\"https:\/\/natureshealing.store\/en\/product\/crema-corporal-pre-entreno-cbd\/\" \/>\n<meta property=\"og:site_name\" content=\"Nature&#039;s Healing\" \/>\n<meta property=\"article:modified_time\" content=\"2026-04-14T15:43:31+00:00\" \/>\n<meta property=\"og:image\" content=\"https:\/\/natureshealing.store\/wp-content\/uploads\/2024\/08\/Crema-pre-entreno-NH.webp\" \/>\n\t<meta property=\"og:image:width\" content=\"1001\" \/>\n\t<meta property=\"og:image:height\" content=\"1001\" \/>\n\t<meta property=\"og:image:type\" content=\"image\/webp\" \/>\n<meta name=\"twitter:card\" content=\"summary_large_image\" \/>\n<meta name=\"twitter:label1\" content=\"Est. reading time\" \/>\n\t<meta name=\"twitter:data1\" content=\"1 minute\" \/>\n<script type=\"application\/ld+json\" class=\"yoast-schema-graph\">{\"@context\":\"https:\\\/\\\/schema.org\",\"@graph\":[{\"@type\":\"WebPage\",\"@id\":\"https:\\\/\\\/natureshealing.store\\\/product\\\/crema-corporal-pre-entreno-cbd\\\/\",\"url\":\"https:\\\/\\\/natureshealing.store\\\/product\\\/crema-corporal-pre-entreno-cbd\\\/\",\"name\":\"Crema Corporal Pre Entreno + CBD - Nature&#039;s Healing\",\"isPartOf\":{\"@id\":\"https:\\\/\\\/natureshealing.store\\\/#website\"},\"primaryImageOfPage\":{\"@id\":\"https:\\\/\\\/natureshealing.store\\\/product\\\/crema-corporal-pre-entreno-cbd\\\/#primaryimage\"},\"image\":{\"@id\":\"https:\\\/\\\/natureshealing.store\\\/product\\\/crema-corporal-pre-entreno-cbd\\\/#primaryimage\"},\"thumbnailUrl\":\"https:\\\/\\\/i0.wp.com\\\/natureshealing.store\\\/wp-content\\\/uploads\\\/2024\\\/08\\\/Crema-pre-entreno-NH.webp?fit=1001%2C1001&ssl=1\",\"datePublished\":\"2024-08-03T17:05:50+00:00\",\"dateModified\":\"2026-04-14T15:43:31+00:00\",\"breadcrumb\":{\"@id\":\"https:\\\/\\\/natureshealing.store\\\/product\\\/crema-corporal-pre-entreno-cbd\\\/#breadcrumb\"},\"inLanguage\":\"en-US\",\"potentialAction\":[{\"@type\":\"ReadAction\",\"target\":[\"https:\\\/\\\/natureshealing.store\\\/product\\\/crema-corporal-pre-entreno-cbd\\\/\"]}]},{\"@type\":\"ImageObject\",\"inLanguage\":\"en-US\",\"@id\":\"https:\\\/\\\/natureshealing.store\\\/product\\\/crema-corporal-pre-entreno-cbd\\\/#primaryimage\",\"url\":\"https:\\\/\\\/i0.wp.com\\\/natureshealing.store\\\/wp-content\\\/uploads\\\/2024\\\/08\\\/Crema-pre-entreno-NH.webp?fit=1001%2C1001&ssl=1\",\"contentUrl\":\"https:\\\/\\\/i0.wp.com\\\/natureshealing.store\\\/wp-content\\\/uploads\\\/2024\\\/08\\\/Crema-pre-entreno-NH.webp?fit=1001%2C1001&ssl=1\",\"width\":1001,\"height\":1001},{\"@type\":\"BreadcrumbList\",\"@id\":\"https:\\\/\\\/natureshealing.store\\\/product\\\/crema-corporal-pre-entreno-cbd\\\/#breadcrumb\",\"itemListElement\":[{\"@type\":\"ListItem\",\"position\":1,\"name\":\"Portada\",\"item\":\"https:\\\/\\\/natureshealing.store\\\/\"},{\"@type\":\"ListItem\",\"position\":2,\"name\":\"Tienda\",\"item\":\"https:\\\/\\\/natureshealing.store\\\/tienda\\\/\"},{\"@type\":\"ListItem\",\"position\":3,\"name\":\"Crema Corporal Pre Entreno + CBD\"}]},{\"@type\":\"WebSite\",\"@id\":\"https:\\\/\\\/natureshealing.store\\\/#website\",\"url\":\"https:\\\/\\\/natureshealing.store\\\/\",\"name\":\"Nature&#039;s Healing\",\"description\":\"Beauty and Health\",\"publisher\":{\"@id\":\"https:\\\/\\\/natureshealing.store\\\/#organization\"},\"potentialAction\":[{\"@type\":\"SearchAction\",\"target\":{\"@type\":\"EntryPoint\",\"urlTemplate\":\"https:\\\/\\\/natureshealing.store\\\/?s={search_term_string}\"},\"query-input\":{\"@type\":\"PropertyValueSpecification\",\"valueRequired\":true,\"valueName\":\"search_term_string\"}}],\"inLanguage\":\"en-US\"},{\"@type\":\"Organization\",\"@id\":\"https:\\\/\\\/natureshealing.store\\\/#organization\",\"name\":\"Nature&#039;s Healing\",\"url\":\"https:\\\/\\\/natureshealing.store\\\/\",\"logo\":{\"@type\":\"ImageObject\",\"inLanguage\":\"en-US\",\"@id\":\"https:\\\/\\\/natureshealing.store\\\/#\\\/schema\\\/logo\\\/image\\\/\",\"url\":\"https:\\\/\\\/i0.wp.com\\\/natureshealing.store\\\/wp-content\\\/uploads\\\/2024\\\/08\\\/logo-Nature%C2%B4s-Heeling-horizontal2-1.png?fit=672%2C368&ssl=1\",\"contentUrl\":\"https:\\\/\\\/i0.wp.com\\\/natureshealing.store\\\/wp-content\\\/uploads\\\/2024\\\/08\\\/logo-Nature%C2%B4s-Heeling-horizontal2-1.png?fit=672%2C368&ssl=1\",\"width\":672,\"height\":368,\"caption\":\"Nature&#039;s Healing\"},\"image\":{\"@id\":\"https:\\\/\\\/natureshealing.store\\\/#\\\/schema\\\/logo\\\/image\\\/\"}}]}<\/script>\n<!-- \/ Yoast SEO plugin. -->","yoast_head_json":{"title":"Crema Corporal Pre Entreno + CBD - Nature&#039;s Healing","robots":{"index":"index","follow":"follow","max-snippet":"max-snippet:-1","max-image-preview":"max-image-preview:large","max-video-preview":"max-video-preview:-1"},"canonical":"https:\/\/natureshealing.store\/en\/product\/crema-corporal-pre-entreno-cbd\/","og_locale":"en_US","og_type":"article","og_title":"Crema Corporal Pre Entreno + CBD - Nature&#039;s Healing","og_description":"La Crema Corporal Pre Entreno + CBD de Nature's Healing\u2122 es una combinaci\u00f3n dise\u00f1ada para optimizar tu rendimiento f\u00edsico. Enriquecida con Cannabidiol (CBD), reconocido por su capacidad para facilitar la absorci\u00f3n de ingredientes activos, esta crema ofrece una sensaci\u00f3n refrescante y energizante para potenciar tu entrenamiento.  Beneficios: \u2022 Hidrataci\u00f3n profunda y duradera. \u2022 Prepara y energiza la piel antes del entrenamiento. \u2022 Acondiciona, prepara, calma los m\u00fasculos y reduce la fatiga. \u2022 Especial para personas con dolencias cr\u00f3nicas. \u2022 Mejora la circulaci\u00f3n sangu\u00ednea. \u2022 Proporciona alivio del dolor y reduce la y trastornos cr\u00f3nicos. \u2022 Ayuda a prevenir lesiones musculares y molestias.","og_url":"https:\/\/natureshealing.store\/en\/product\/crema-corporal-pre-entreno-cbd\/","og_site_name":"Nature&#039;s Healing","article_modified_time":"2026-04-14T15:43:31+00:00","og_image":[{"width":1001,"height":1001,"url":"https:\/\/natureshealing.store\/wp-content\/uploads\/2024\/08\/Crema-pre-entreno-NH.webp","type":"image\/webp"}],"twitter_card":"summary_large_image","twitter_misc":{"Est. reading time":"1 minute"},"schema":{"@context":"https:\/\/schema.org","@graph":[{"@type":"WebPage","@id":"https:\/\/natureshealing.store\/product\/crema-corporal-pre-entreno-cbd\/","url":"https:\/\/natureshealing.store\/product\/crema-corporal-pre-entreno-cbd\/","name":"Crema Corporal Pre Entreno + CBD - Nature&#039;s Healing","isPartOf":{"@id":"https:\/\/natureshealing.store\/#website"},"primaryImageOfPage":{"@id":"https:\/\/natureshealing.store\/product\/crema-corporal-pre-entreno-cbd\/#primaryimage"},"image":{"@id":"https:\/\/natureshealing.store\/product\/crema-corporal-pre-entreno-cbd\/#primaryimage"},"thumbnailUrl":"https:\/\/i0.wp.com\/natureshealing.store\/wp-content\/uploads\/2024\/08\/Crema-pre-entreno-NH.webp?fit=1001%2C1001&ssl=1","datePublished":"2024-08-03T17:05:50+00:00","dateModified":"2026-04-14T15:43:31+00:00","breadcrumb":{"@id":"https:\/\/natureshealing.store\/product\/crema-corporal-pre-entreno-cbd\/#breadcrumb"},"inLanguage":"en-US","potentialAction":[{"@type":"ReadAction","target":["https:\/\/natureshealing.store\/product\/crema-corporal-pre-entreno-cbd\/"]}]},{"@type":"ImageObject","inLanguage":"en-US","@id":"https:\/\/natureshealing.store\/product\/crema-corporal-pre-entreno-cbd\/#primaryimage","url":"https:\/\/i0.wp.com\/natureshealing.store\/wp-content\/uploads\/2024\/08\/Crema-pre-entreno-NH.webp?fit=1001%2C1001&ssl=1","contentUrl":"https:\/\/i0.wp.com\/natureshealing.store\/wp-content\/uploads\/2024\/08\/Crema-pre-entreno-NH.webp?fit=1001%2C1001&ssl=1","width":1001,"height":1001},{"@type":"BreadcrumbList","@id":"https:\/\/natureshealing.store\/product\/crema-corporal-pre-entreno-cbd\/#breadcrumb","itemListElement":[{"@type":"ListItem","position":1,"name":"Portada","item":"https:\/\/natureshealing.store\/"},{"@type":"ListItem","position":2,"name":"Tienda","item":"https:\/\/natureshealing.store\/tienda\/"},{"@type":"ListItem","position":3,"name":"Crema Corporal Pre Entreno + CBD"}]},{"@type":"WebSite","@id":"https:\/\/natureshealing.store\/#website","url":"https:\/\/natureshealing.store\/","name":"Nature&#039;s Healing","description":"Beauty and Health","publisher":{"@id":"https:\/\/natureshealing.store\/#organization"},"potentialAction":[{"@type":"SearchAction","target":{"@type":"EntryPoint","urlTemplate":"https:\/\/natureshealing.store\/?s={search_term_string}"},"query-input":{"@type":"PropertyValueSpecification","valueRequired":true,"valueName":"search_term_string"}}],"inLanguage":"en-US"},{"@type":"Organization","@id":"https:\/\/natureshealing.store\/#organization","name":"Nature&#039;s Healing","url":"https:\/\/natureshealing.store\/","logo":{"@type":"ImageObject","inLanguage":"en-US","@id":"https:\/\/natureshealing.store\/#\/schema\/logo\/image\/","url":"https:\/\/i0.wp.com\/natureshealing.store\/wp-content\/uploads\/2024\/08\/logo-Nature%C2%B4s-Heeling-horizontal2-1.png?fit=672%2C368&ssl=1","contentUrl":"https:\/\/i0.wp.com\/natureshealing.store\/wp-content\/uploads\/2024\/08\/logo-Nature%C2%B4s-Heeling-horizontal2-1.png?fit=672%2C368&ssl=1","width":672,"height":368,"caption":"Nature&#039;s Healing"},"image":{"@id":"https:\/\/natureshealing.store\/#\/schema\/logo\/image\/"}}]}},"jetpack_sharing_enabled":true,"_links":{"self":[{"href":"https:\/\/natureshealing.store\/en\/wp-json\/wp\/v2\/product\/987805","targetHints":{"allow":["GET"]}}],"collection":[{"href":"https:\/\/natureshealing.store\/en\/wp-json\/wp\/v2\/product"}],"about":[{"href":"https:\/\/natureshealing.store\/en\/wp-json\/wp\/v2\/types\/product"}],"replies":[{"embeddable":true,"href":"https:\/\/natureshealing.store\/en\/wp-json\/wp\/v2\/comments?post=987805"}],"version-history":[{"count":1,"href":"https:\/\/natureshealing.store\/en\/wp-json\/wp\/v2\/product\/987805\/revisions"}],"predecessor-version":[{"id":989104,"href":"https:\/\/natureshealing.store\/en\/wp-json\/wp\/v2\/product\/987805\/revisions\/989104"}],"wp:featuredmedia":[{"embeddable":true,"href":"https:\/\/natureshealing.store\/en\/wp-json\/wp\/v2\/media\/988232"}],"wp:attachment":[{"href":"https:\/\/natureshealing.store\/en\/wp-json\/wp\/v2\/media?parent=987805"}],"wp:term":[{"taxonomy":"product_brand","embeddable":true,"href":"https:\/\/natureshealing.store\/en\/wp-json\/wp\/v2\/product_brand?post=987805"},{"taxonomy":"product_cat","embeddable":true,"href":"https:\/\/natureshealing.store\/en\/wp-json\/wp\/v2\/product_cat?post=987805"},{"taxonomy":"product_tag","embeddable":true,"href":"https:\/\/natureshealing.store\/en\/wp-json\/wp\/v2\/product_tag?post=987805"},{"taxonomy":"giftcard-category","embeddable":true,"href":"https:\/\/natureshealing.store\/en\/wp-json\/wp\/v2\/giftcard-category?post=987805"}],"curies":[{"name":"wp","href":"https:\/\/api.w.org\/{rel}","templated":true}]}}