{"id":987804,"date":"2024-08-03T17:05:50","date_gmt":"2024-08-03T17:05:50","guid":{"rendered":"https:\/\/natureshealing.store\/product\/producto-3\/"},"modified":"2026-04-14T15:43:17","modified_gmt":"2026-04-14T15:43:17","slug":"crema-corporal-hidratante-rejuvenecedora-cbd","status":"publish","type":"product","link":"https:\/\/natureshealing.store\/en\/product\/crema-corporal-hidratante-rejuvenecedora-cbd\/","title":{"rendered":"Rejuvenating Moisturizing Body Cream + CBD"},"content":{"rendered":"<p>Nature's Healing Rejuvenating Body Cream + CBD is an innovative combination of ingredients designed to revitalize and rejuvenate body skin. Enriched with Cannabidiol (CBD) enriched with sodium hyaluronate, collagen and a variety of active ingredients, this cream provides deep hydration and helps improve the appearance and texture of the skin.<\/p>","protected":false},"excerpt":{"rendered":"<p>This cream restores the skin barrier and keeps the skin soft and supple. In addition, the presence of Vitamin E, Aloe vera extract and Arnica montana extract provides antioxidant and soothing properties, protecting the skin from environmental damage and reducing inflammation.<\/p>\n<p>Thanks to its fast-absorbing formula, Rejuvenating Body Cream + CBD is easy to apply, providing long-lasting hydration and an immediate sensation of freshness.<\/p>\n<p><strong>Benefits:<\/strong><\/p>\n<p>\u2022 Intense and long-lasting hydration.<br \/>\n\u2022 Fights signs of aging.<br \/>\n\u2022 Soothes irritated skin and reduces inflammation.<br \/>\n\u2022 Improves skin elasticity and firmness.<br \/>\n\u2022  Protects against environmental damage and free radicals.<\/p>\n<p><img decoding=\"async\" class=\"alignnone size-full wp-image-987966\" src=\"https:\/\/natureshealing.store\/wp-content\/uploads\/2024\/08\/NATURAL-HEALING-ICONS-XSENSE.webp\" alt=\"\" width=\"298\" height=\"81\" srcset=\"https:\/\/i0.wp.com\/natureshealing.store\/wp-content\/uploads\/2024\/08\/NATURAL-HEALING-ICONS-XSENSE.webp?w=298&amp;ssl=1 298w, https:\/\/i0.wp.com\/natureshealing.store\/wp-content\/uploads\/2024\/08\/NATURAL-HEALING-ICONS-XSENSE.webp?resize=64%2C17&amp;ssl=1 64w\" sizes=\"(max-width: 298px) 100vw, 298px\" \/><\/p>","protected":false},"featured_media":988231,"comment_status":"open","ping_status":"closed","template":"","meta":[],"product_brand":[],"product_cat":[110,108],"product_tag":[],"giftcard-category":[],"class_list":{"0":"post-987804","1":"product","2":"type-product","3":"status-publish","4":"has-post-thumbnail","6":"product_cat-crema","7":"product_cat-natures-healing","9":"first","10":"outofstock","11":"taxable","12":"shipping-taxable","13":"purchasable","14":"product-type-simple","15":"add-to-wishlist-before_image"},"yoast_head":"<!-- This site is optimized with the Yoast SEO plugin v27.4 - https:\/\/yoast.com\/product\/yoast-seo-wordpress\/ -->\n<title>Crema Corporal Hidratante Rejuvenecedora + CBD - Nature&#039;s Healing<\/title>\n<meta name=\"robots\" content=\"index, follow, max-snippet:-1, max-image-preview:large, max-video-preview:-1\" \/>\n<link rel=\"canonical\" href=\"https:\/\/natureshealing.store\/en\/product\/crema-corporal-hidratante-rejuvenecedora-cbd\/\" \/>\n<meta property=\"og:locale\" content=\"en_US\" \/>\n<meta property=\"og:type\" content=\"article\" \/>\n<meta property=\"og:title\" content=\"Crema Corporal Hidratante Rejuvenecedora + CBD - Nature&#039;s Healing\" \/>\n<meta property=\"og:description\" content=\"Esta crema restaura la barrera cut\u00e1nea y mantiene la piel suave y flexible. Adem\u00e1s, la presencia de Vitamina E, Extracto de Aloe vera y Extracto de \u00c1rnica montana proporciona propiedades antioxidantes y calmantes, protegiendo la piel del da\u00f1o ambiental y reduciendo la inflamaci\u00f3n.  Gracias a su f\u00f3rmula de r\u00e1pida absorci\u00f3n, la Crema Corporal Rejuvenecedora + CBD se aplica f\u00e1cilmente, brindando una hidrataci\u00f3n duradera y una sensaci\u00f3n de frescura inmediata.  Beneficios:  \u2022 Hidrataci\u00f3n intensa y duradera. \u2022 Combate los signos del envejecimiento. \u2022 Calma la piel irritada y reduce la inflamaci\u00f3n. \u2022 Mejora la elasticidad y firmeza de la piel. \u2022 Protege contra el da\u00f1o ambiental y los radicales libres.\" \/>\n<meta property=\"og:url\" content=\"https:\/\/natureshealing.store\/en\/product\/crema-corporal-hidratante-rejuvenecedora-cbd\/\" \/>\n<meta property=\"og:site_name\" content=\"Nature&#039;s Healing\" \/>\n<meta property=\"article:modified_time\" content=\"2026-04-14T15:43:17+00:00\" \/>\n<meta property=\"og:image\" content=\"https:\/\/natureshealing.store\/wp-content\/uploads\/2024\/08\/Crema-Corporal-Hidratante-Rejuvenecedora-NH-00.webp\" \/>\n\t<meta property=\"og:image:width\" content=\"1001\" \/>\n\t<meta property=\"og:image:height\" content=\"1001\" \/>\n\t<meta property=\"og:image:type\" content=\"image\/webp\" \/>\n<meta name=\"twitter:card\" content=\"summary_large_image\" \/>\n<meta name=\"twitter:label1\" content=\"Est. reading time\" \/>\n\t<meta name=\"twitter:data1\" content=\"1 minute\" \/>\n<script type=\"application\/ld+json\" class=\"yoast-schema-graph\">{\"@context\":\"https:\\\/\\\/schema.org\",\"@graph\":[{\"@type\":\"WebPage\",\"@id\":\"https:\\\/\\\/natureshealing.store\\\/product\\\/crema-corporal-hidratante-rejuvenecedora-cbd\\\/\",\"url\":\"https:\\\/\\\/natureshealing.store\\\/product\\\/crema-corporal-hidratante-rejuvenecedora-cbd\\\/\",\"name\":\"Crema Corporal Hidratante Rejuvenecedora + CBD - Nature&#039;s Healing\",\"isPartOf\":{\"@id\":\"https:\\\/\\\/natureshealing.store\\\/#website\"},\"primaryImageOfPage\":{\"@id\":\"https:\\\/\\\/natureshealing.store\\\/product\\\/crema-corporal-hidratante-rejuvenecedora-cbd\\\/#primaryimage\"},\"image\":{\"@id\":\"https:\\\/\\\/natureshealing.store\\\/product\\\/crema-corporal-hidratante-rejuvenecedora-cbd\\\/#primaryimage\"},\"thumbnailUrl\":\"https:\\\/\\\/i0.wp.com\\\/natureshealing.store\\\/wp-content\\\/uploads\\\/2024\\\/08\\\/Crema-Corporal-Hidratante-Rejuvenecedora-NH-00.webp?fit=1001%2C1001&ssl=1\",\"datePublished\":\"2024-08-03T17:05:50+00:00\",\"dateModified\":\"2026-04-14T15:43:17+00:00\",\"breadcrumb\":{\"@id\":\"https:\\\/\\\/natureshealing.store\\\/product\\\/crema-corporal-hidratante-rejuvenecedora-cbd\\\/#breadcrumb\"},\"inLanguage\":\"en-US\",\"potentialAction\":[{\"@type\":\"ReadAction\",\"target\":[\"https:\\\/\\\/natureshealing.store\\\/product\\\/crema-corporal-hidratante-rejuvenecedora-cbd\\\/\"]}]},{\"@type\":\"ImageObject\",\"inLanguage\":\"en-US\",\"@id\":\"https:\\\/\\\/natureshealing.store\\\/product\\\/crema-corporal-hidratante-rejuvenecedora-cbd\\\/#primaryimage\",\"url\":\"https:\\\/\\\/i0.wp.com\\\/natureshealing.store\\\/wp-content\\\/uploads\\\/2024\\\/08\\\/Crema-Corporal-Hidratante-Rejuvenecedora-NH-00.webp?fit=1001%2C1001&ssl=1\",\"contentUrl\":\"https:\\\/\\\/i0.wp.com\\\/natureshealing.store\\\/wp-content\\\/uploads\\\/2024\\\/08\\\/Crema-Corporal-Hidratante-Rejuvenecedora-NH-00.webp?fit=1001%2C1001&ssl=1\",\"width\":1001,\"height\":1001},{\"@type\":\"BreadcrumbList\",\"@id\":\"https:\\\/\\\/natureshealing.store\\\/product\\\/crema-corporal-hidratante-rejuvenecedora-cbd\\\/#breadcrumb\",\"itemListElement\":[{\"@type\":\"ListItem\",\"position\":1,\"name\":\"Portada\",\"item\":\"https:\\\/\\\/natureshealing.store\\\/\"},{\"@type\":\"ListItem\",\"position\":2,\"name\":\"Tienda\",\"item\":\"https:\\\/\\\/natureshealing.store\\\/tienda\\\/\"},{\"@type\":\"ListItem\",\"position\":3,\"name\":\"Crema Corporal Hidratante Rejuvenecedora + CBD\"}]},{\"@type\":\"WebSite\",\"@id\":\"https:\\\/\\\/natureshealing.store\\\/#website\",\"url\":\"https:\\\/\\\/natureshealing.store\\\/\",\"name\":\"Nature&#039;s Healing\",\"description\":\"Beauty and Health\",\"publisher\":{\"@id\":\"https:\\\/\\\/natureshealing.store\\\/#organization\"},\"potentialAction\":[{\"@type\":\"SearchAction\",\"target\":{\"@type\":\"EntryPoint\",\"urlTemplate\":\"https:\\\/\\\/natureshealing.store\\\/?s={search_term_string}\"},\"query-input\":{\"@type\":\"PropertyValueSpecification\",\"valueRequired\":true,\"valueName\":\"search_term_string\"}}],\"inLanguage\":\"en-US\"},{\"@type\":\"Organization\",\"@id\":\"https:\\\/\\\/natureshealing.store\\\/#organization\",\"name\":\"Nature&#039;s Healing\",\"url\":\"https:\\\/\\\/natureshealing.store\\\/\",\"logo\":{\"@type\":\"ImageObject\",\"inLanguage\":\"en-US\",\"@id\":\"https:\\\/\\\/natureshealing.store\\\/#\\\/schema\\\/logo\\\/image\\\/\",\"url\":\"https:\\\/\\\/i0.wp.com\\\/natureshealing.store\\\/wp-content\\\/uploads\\\/2024\\\/08\\\/logo-Nature%C2%B4s-Heeling-horizontal2-1.png?fit=672%2C368&ssl=1\",\"contentUrl\":\"https:\\\/\\\/i0.wp.com\\\/natureshealing.store\\\/wp-content\\\/uploads\\\/2024\\\/08\\\/logo-Nature%C2%B4s-Heeling-horizontal2-1.png?fit=672%2C368&ssl=1\",\"width\":672,\"height\":368,\"caption\":\"Nature&#039;s Healing\"},\"image\":{\"@id\":\"https:\\\/\\\/natureshealing.store\\\/#\\\/schema\\\/logo\\\/image\\\/\"}}]}<\/script>\n<!-- \/ Yoast SEO plugin. -->","yoast_head_json":{"title":"Crema Corporal Hidratante Rejuvenecedora + CBD - Nature&#039;s Healing","robots":{"index":"index","follow":"follow","max-snippet":"max-snippet:-1","max-image-preview":"max-image-preview:large","max-video-preview":"max-video-preview:-1"},"canonical":"https:\/\/natureshealing.store\/en\/product\/crema-corporal-hidratante-rejuvenecedora-cbd\/","og_locale":"en_US","og_type":"article","og_title":"Crema Corporal Hidratante Rejuvenecedora + CBD - Nature&#039;s Healing","og_description":"Esta crema restaura la barrera cut\u00e1nea y mantiene la piel suave y flexible. Adem\u00e1s, la presencia de Vitamina E, Extracto de Aloe vera y Extracto de \u00c1rnica montana proporciona propiedades antioxidantes y calmantes, protegiendo la piel del da\u00f1o ambiental y reduciendo la inflamaci\u00f3n.  Gracias a su f\u00f3rmula de r\u00e1pida absorci\u00f3n, la Crema Corporal Rejuvenecedora + CBD se aplica f\u00e1cilmente, brindando una hidrataci\u00f3n duradera y una sensaci\u00f3n de frescura inmediata.  Beneficios:  \u2022 Hidrataci\u00f3n intensa y duradera. \u2022 Combate los signos del envejecimiento. \u2022 Calma la piel irritada y reduce la inflamaci\u00f3n. \u2022 Mejora la elasticidad y firmeza de la piel. \u2022 Protege contra el da\u00f1o ambiental y los radicales libres.","og_url":"https:\/\/natureshealing.store\/en\/product\/crema-corporal-hidratante-rejuvenecedora-cbd\/","og_site_name":"Nature&#039;s Healing","article_modified_time":"2026-04-14T15:43:17+00:00","og_image":[{"width":1001,"height":1001,"url":"https:\/\/natureshealing.store\/wp-content\/uploads\/2024\/08\/Crema-Corporal-Hidratante-Rejuvenecedora-NH-00.webp","type":"image\/webp"}],"twitter_card":"summary_large_image","twitter_misc":{"Est. reading time":"1 minute"},"schema":{"@context":"https:\/\/schema.org","@graph":[{"@type":"WebPage","@id":"https:\/\/natureshealing.store\/product\/crema-corporal-hidratante-rejuvenecedora-cbd\/","url":"https:\/\/natureshealing.store\/product\/crema-corporal-hidratante-rejuvenecedora-cbd\/","name":"Crema Corporal Hidratante Rejuvenecedora + CBD - Nature&#039;s Healing","isPartOf":{"@id":"https:\/\/natureshealing.store\/#website"},"primaryImageOfPage":{"@id":"https:\/\/natureshealing.store\/product\/crema-corporal-hidratante-rejuvenecedora-cbd\/#primaryimage"},"image":{"@id":"https:\/\/natureshealing.store\/product\/crema-corporal-hidratante-rejuvenecedora-cbd\/#primaryimage"},"thumbnailUrl":"https:\/\/i0.wp.com\/natureshealing.store\/wp-content\/uploads\/2024\/08\/Crema-Corporal-Hidratante-Rejuvenecedora-NH-00.webp?fit=1001%2C1001&ssl=1","datePublished":"2024-08-03T17:05:50+00:00","dateModified":"2026-04-14T15:43:17+00:00","breadcrumb":{"@id":"https:\/\/natureshealing.store\/product\/crema-corporal-hidratante-rejuvenecedora-cbd\/#breadcrumb"},"inLanguage":"en-US","potentialAction":[{"@type":"ReadAction","target":["https:\/\/natureshealing.store\/product\/crema-corporal-hidratante-rejuvenecedora-cbd\/"]}]},{"@type":"ImageObject","inLanguage":"en-US","@id":"https:\/\/natureshealing.store\/product\/crema-corporal-hidratante-rejuvenecedora-cbd\/#primaryimage","url":"https:\/\/i0.wp.com\/natureshealing.store\/wp-content\/uploads\/2024\/08\/Crema-Corporal-Hidratante-Rejuvenecedora-NH-00.webp?fit=1001%2C1001&ssl=1","contentUrl":"https:\/\/i0.wp.com\/natureshealing.store\/wp-content\/uploads\/2024\/08\/Crema-Corporal-Hidratante-Rejuvenecedora-NH-00.webp?fit=1001%2C1001&ssl=1","width":1001,"height":1001},{"@type":"BreadcrumbList","@id":"https:\/\/natureshealing.store\/product\/crema-corporal-hidratante-rejuvenecedora-cbd\/#breadcrumb","itemListElement":[{"@type":"ListItem","position":1,"name":"Portada","item":"https:\/\/natureshealing.store\/"},{"@type":"ListItem","position":2,"name":"Tienda","item":"https:\/\/natureshealing.store\/tienda\/"},{"@type":"ListItem","position":3,"name":"Crema Corporal Hidratante Rejuvenecedora + CBD"}]},{"@type":"WebSite","@id":"https:\/\/natureshealing.store\/#website","url":"https:\/\/natureshealing.store\/","name":"Nature&#039;s Healing","description":"Beauty and Health","publisher":{"@id":"https:\/\/natureshealing.store\/#organization"},"potentialAction":[{"@type":"SearchAction","target":{"@type":"EntryPoint","urlTemplate":"https:\/\/natureshealing.store\/?s={search_term_string}"},"query-input":{"@type":"PropertyValueSpecification","valueRequired":true,"valueName":"search_term_string"}}],"inLanguage":"en-US"},{"@type":"Organization","@id":"https:\/\/natureshealing.store\/#organization","name":"Nature&#039;s Healing","url":"https:\/\/natureshealing.store\/","logo":{"@type":"ImageObject","inLanguage":"en-US","@id":"https:\/\/natureshealing.store\/#\/schema\/logo\/image\/","url":"https:\/\/i0.wp.com\/natureshealing.store\/wp-content\/uploads\/2024\/08\/logo-Nature%C2%B4s-Heeling-horizontal2-1.png?fit=672%2C368&ssl=1","contentUrl":"https:\/\/i0.wp.com\/natureshealing.store\/wp-content\/uploads\/2024\/08\/logo-Nature%C2%B4s-Heeling-horizontal2-1.png?fit=672%2C368&ssl=1","width":672,"height":368,"caption":"Nature&#039;s Healing"},"image":{"@id":"https:\/\/natureshealing.store\/#\/schema\/logo\/image\/"}}]}},"jetpack_sharing_enabled":true,"_links":{"self":[{"href":"https:\/\/natureshealing.store\/en\/wp-json\/wp\/v2\/product\/987804","targetHints":{"allow":["GET"]}}],"collection":[{"href":"https:\/\/natureshealing.store\/en\/wp-json\/wp\/v2\/product"}],"about":[{"href":"https:\/\/natureshealing.store\/en\/wp-json\/wp\/v2\/types\/product"}],"replies":[{"embeddable":true,"href":"https:\/\/natureshealing.store\/en\/wp-json\/wp\/v2\/comments?post=987804"}],"version-history":[{"count":1,"href":"https:\/\/natureshealing.store\/en\/wp-json\/wp\/v2\/product\/987804\/revisions"}],"predecessor-version":[{"id":989103,"href":"https:\/\/natureshealing.store\/en\/wp-json\/wp\/v2\/product\/987804\/revisions\/989103"}],"wp:featuredmedia":[{"embeddable":true,"href":"https:\/\/natureshealing.store\/en\/wp-json\/wp\/v2\/media\/988231"}],"wp:attachment":[{"href":"https:\/\/natureshealing.store\/en\/wp-json\/wp\/v2\/media?parent=987804"}],"wp:term":[{"taxonomy":"product_brand","embeddable":true,"href":"https:\/\/natureshealing.store\/en\/wp-json\/wp\/v2\/product_brand?post=987804"},{"taxonomy":"product_cat","embeddable":true,"href":"https:\/\/natureshealing.store\/en\/wp-json\/wp\/v2\/product_cat?post=987804"},{"taxonomy":"product_tag","embeddable":true,"href":"https:\/\/natureshealing.store\/en\/wp-json\/wp\/v2\/product_tag?post=987804"},{"taxonomy":"giftcard-category","embeddable":true,"href":"https:\/\/natureshealing.store\/en\/wp-json\/wp\/v2\/giftcard-category?post=987804"}],"curies":[{"name":"wp","href":"https:\/\/api.w.org\/{rel}","templated":true}]}}