{"id":987803,"date":"2024-08-03T17:05:50","date_gmt":"2024-08-03T17:05:50","guid":{"rendered":"https:\/\/natureshealing.store\/product\/producto-2\/"},"modified":"2026-04-14T15:43:06","modified_gmt":"2026-04-14T15:43:06","slug":"gel-alivio-del-dolor-cbd","status":"publish","type":"product","link":"https:\/\/natureshealing.store\/en\/product\/gel-alivio-del-dolor-cbd\/","title":{"rendered":"Pain Relief Gel + CBD"},"content":{"rendered":"<p>This gel helps soothe the skin, reduce inflammation and improve blood circulation in affected areas. In addition, the presence of floral and fresh aromas provide refreshing and revitalizing sensations, which helps relax the muscles and reduce the feeling of discomfort.<\/p>\n<p>With its fast-absorbing formula and non-greasy texture, Pain Relief Gel + CBD is easily applied to the skin, providing immediate relief and a feeling of well-being. Get ready to regain your mobility and enjoy a more active, pain-free life with our CBD-enriched gel.<\/p>","protected":false},"excerpt":{"rendered":"<p>Nature\u2019s Healing\u2122 Pain Relief + CBD Gel is an effective solution to relieve discomfort and discomfort associated with muscle and joint pain and stress. Enriched with Cannabidiol (CBD) and a careful selection of natural ingredients, this gel provides fast and long-lasting relief for those suffering from aches and pains.<\/p>\n<p><strong>Benefits:<\/strong><\/p>\n<p>\u2022 Relieves muscle and joint pain.<br \/>\n\u2022 Reduces inflammation in affected areas.<br \/>\n\u2022 Improves blood circulation.<br \/>\n\u2022 Proporciona un alivio r\u00e1pido y duradero.<br \/>\n\u2022 Refreshing and revitalizing aroma.<\/p>\n<p><img decoding=\"async\" class=\"alignnone size-full wp-image-987966\" src=\"https:\/\/natureshealing.store\/wp-content\/uploads\/2024\/08\/NATURAL-HEALING-ICONS-XSENSE.webp\" alt=\"\" width=\"298\" height=\"81\" srcset=\"https:\/\/i0.wp.com\/natureshealing.store\/wp-content\/uploads\/2024\/08\/NATURAL-HEALING-ICONS-XSENSE.webp?w=298&amp;ssl=1 298w, https:\/\/i0.wp.com\/natureshealing.store\/wp-content\/uploads\/2024\/08\/NATURAL-HEALING-ICONS-XSENSE.webp?resize=64%2C17&amp;ssl=1 64w\" sizes=\"(max-width: 298px) 100vw, 298px\" \/><\/p>","protected":false},"featured_media":988233,"comment_status":"open","ping_status":"closed","template":"","meta":[],"product_brand":[],"product_cat":[110,108],"product_tag":[],"giftcard-category":[],"class_list":{"0":"post-987803","1":"product","2":"type-product","3":"status-publish","4":"has-post-thumbnail","6":"product_cat-crema","7":"product_cat-natures-healing","9":"first","10":"outofstock","11":"taxable","12":"shipping-taxable","13":"purchasable","14":"product-type-simple","15":"add-to-wishlist-before_image"},"yoast_head":"<!-- This site is optimized with the Yoast SEO plugin v27.4 - https:\/\/yoast.com\/product\/yoast-seo-wordpress\/ -->\n<title>Gel Alivio Del Dolor + CBD - Nature&#039;s Healing<\/title>\n<meta name=\"robots\" content=\"index, follow, max-snippet:-1, max-image-preview:large, max-video-preview:-1\" \/>\n<link rel=\"canonical\" href=\"https:\/\/natureshealing.store\/en\/product\/gel-alivio-del-dolor-cbd\/\" \/>\n<meta property=\"og:locale\" content=\"en_US\" \/>\n<meta property=\"og:type\" content=\"article\" \/>\n<meta property=\"og:title\" content=\"Gel Alivio Del Dolor + CBD - Nature&#039;s Healing\" \/>\n<meta property=\"og:description\" content=\"El Gel Alivio del Dolor + CBD de Nature&#039;s Healing\u2122 es una soluci\u00f3n efectiva para aliviar el malestar y la incomodidad asociados con el dolor muscular, articular\u00a0 y estr\u00e9s. Enriquecido con Cannabidiol (CBD) y una cuidadosa selecci\u00f3n de ingredientes naturales, este gel proporciona un alivio r\u00e1pido y duradero para aquellos que sufren de dolores y molestias.  Beneficios:  \u2022 Alivia el dolor muscular y articular. \u2022 Reduce la inflamaci\u00f3n en \u00e1reas afectadas. \u2022 Mejora la circulaci\u00f3n sangu\u00ednea. \u2022 Proporciona un alivio r\u00e1pido y duradero. \u2022 Aroma refrescante y revitalizante.\" \/>\n<meta property=\"og:url\" content=\"https:\/\/natureshealing.store\/en\/product\/gel-alivio-del-dolor-cbd\/\" \/>\n<meta property=\"og:site_name\" content=\"Nature&#039;s Healing\" \/>\n<meta property=\"article:modified_time\" content=\"2026-04-14T15:43:06+00:00\" \/>\n<meta property=\"og:image\" content=\"https:\/\/natureshealing.store\/wp-content\/uploads\/2024\/08\/GEL-ALIVIO-DEL-DOLOR-NATURE-HEALING-00.webp\" \/>\n\t<meta property=\"og:image:width\" content=\"1001\" \/>\n\t<meta property=\"og:image:height\" content=\"1001\" \/>\n\t<meta property=\"og:image:type\" content=\"image\/webp\" \/>\n<meta name=\"twitter:card\" content=\"summary_large_image\" \/>\n<meta name=\"twitter:label1\" content=\"Est. reading time\" \/>\n\t<meta name=\"twitter:data1\" content=\"1 minute\" \/>\n<script type=\"application\/ld+json\" class=\"yoast-schema-graph\">{\"@context\":\"https:\\\/\\\/schema.org\",\"@graph\":[{\"@type\":\"WebPage\",\"@id\":\"https:\\\/\\\/natureshealing.store\\\/product\\\/gel-alivio-del-dolor-cbd\\\/\",\"url\":\"https:\\\/\\\/natureshealing.store\\\/product\\\/gel-alivio-del-dolor-cbd\\\/\",\"name\":\"Gel Alivio Del Dolor + CBD - Nature&#039;s Healing\",\"isPartOf\":{\"@id\":\"https:\\\/\\\/natureshealing.store\\\/#website\"},\"primaryImageOfPage\":{\"@id\":\"https:\\\/\\\/natureshealing.store\\\/product\\\/gel-alivio-del-dolor-cbd\\\/#primaryimage\"},\"image\":{\"@id\":\"https:\\\/\\\/natureshealing.store\\\/product\\\/gel-alivio-del-dolor-cbd\\\/#primaryimage\"},\"thumbnailUrl\":\"https:\\\/\\\/i0.wp.com\\\/natureshealing.store\\\/wp-content\\\/uploads\\\/2024\\\/08\\\/GEL-ALIVIO-DEL-DOLOR-NATURE-HEALING-00.webp?fit=1001%2C1001&ssl=1\",\"datePublished\":\"2024-08-03T17:05:50+00:00\",\"dateModified\":\"2026-04-14T15:43:06+00:00\",\"breadcrumb\":{\"@id\":\"https:\\\/\\\/natureshealing.store\\\/product\\\/gel-alivio-del-dolor-cbd\\\/#breadcrumb\"},\"inLanguage\":\"en-US\",\"potentialAction\":[{\"@type\":\"ReadAction\",\"target\":[\"https:\\\/\\\/natureshealing.store\\\/product\\\/gel-alivio-del-dolor-cbd\\\/\"]}]},{\"@type\":\"ImageObject\",\"inLanguage\":\"en-US\",\"@id\":\"https:\\\/\\\/natureshealing.store\\\/product\\\/gel-alivio-del-dolor-cbd\\\/#primaryimage\",\"url\":\"https:\\\/\\\/i0.wp.com\\\/natureshealing.store\\\/wp-content\\\/uploads\\\/2024\\\/08\\\/GEL-ALIVIO-DEL-DOLOR-NATURE-HEALING-00.webp?fit=1001%2C1001&ssl=1\",\"contentUrl\":\"https:\\\/\\\/i0.wp.com\\\/natureshealing.store\\\/wp-content\\\/uploads\\\/2024\\\/08\\\/GEL-ALIVIO-DEL-DOLOR-NATURE-HEALING-00.webp?fit=1001%2C1001&ssl=1\",\"width\":1001,\"height\":1001},{\"@type\":\"BreadcrumbList\",\"@id\":\"https:\\\/\\\/natureshealing.store\\\/product\\\/gel-alivio-del-dolor-cbd\\\/#breadcrumb\",\"itemListElement\":[{\"@type\":\"ListItem\",\"position\":1,\"name\":\"Portada\",\"item\":\"https:\\\/\\\/natureshealing.store\\\/\"},{\"@type\":\"ListItem\",\"position\":2,\"name\":\"Tienda\",\"item\":\"https:\\\/\\\/natureshealing.store\\\/tienda\\\/\"},{\"@type\":\"ListItem\",\"position\":3,\"name\":\"Gel Alivio Del Dolor + CBD\"}]},{\"@type\":\"WebSite\",\"@id\":\"https:\\\/\\\/natureshealing.store\\\/#website\",\"url\":\"https:\\\/\\\/natureshealing.store\\\/\",\"name\":\"Nature&#039;s Healing\",\"description\":\"Beauty and Health\",\"publisher\":{\"@id\":\"https:\\\/\\\/natureshealing.store\\\/#organization\"},\"potentialAction\":[{\"@type\":\"SearchAction\",\"target\":{\"@type\":\"EntryPoint\",\"urlTemplate\":\"https:\\\/\\\/natureshealing.store\\\/?s={search_term_string}\"},\"query-input\":{\"@type\":\"PropertyValueSpecification\",\"valueRequired\":true,\"valueName\":\"search_term_string\"}}],\"inLanguage\":\"en-US\"},{\"@type\":\"Organization\",\"@id\":\"https:\\\/\\\/natureshealing.store\\\/#organization\",\"name\":\"Nature&#039;s Healing\",\"url\":\"https:\\\/\\\/natureshealing.store\\\/\",\"logo\":{\"@type\":\"ImageObject\",\"inLanguage\":\"en-US\",\"@id\":\"https:\\\/\\\/natureshealing.store\\\/#\\\/schema\\\/logo\\\/image\\\/\",\"url\":\"https:\\\/\\\/i0.wp.com\\\/natureshealing.store\\\/wp-content\\\/uploads\\\/2024\\\/08\\\/logo-Nature%C2%B4s-Heeling-horizontal2-1.png?fit=672%2C368&ssl=1\",\"contentUrl\":\"https:\\\/\\\/i0.wp.com\\\/natureshealing.store\\\/wp-content\\\/uploads\\\/2024\\\/08\\\/logo-Nature%C2%B4s-Heeling-horizontal2-1.png?fit=672%2C368&ssl=1\",\"width\":672,\"height\":368,\"caption\":\"Nature&#039;s Healing\"},\"image\":{\"@id\":\"https:\\\/\\\/natureshealing.store\\\/#\\\/schema\\\/logo\\\/image\\\/\"}}]}<\/script>\n<!-- \/ Yoast SEO plugin. -->","yoast_head_json":{"title":"Gel Alivio Del Dolor + CBD - Nature&#039;s Healing","robots":{"index":"index","follow":"follow","max-snippet":"max-snippet:-1","max-image-preview":"max-image-preview:large","max-video-preview":"max-video-preview:-1"},"canonical":"https:\/\/natureshealing.store\/en\/product\/gel-alivio-del-dolor-cbd\/","og_locale":"en_US","og_type":"article","og_title":"Gel Alivio Del Dolor + CBD - Nature&#039;s Healing","og_description":"El Gel Alivio del Dolor + CBD de Nature's Healing\u2122 es una soluci\u00f3n efectiva para aliviar el malestar y la incomodidad asociados con el dolor muscular, articular\u00a0 y estr\u00e9s. Enriquecido con Cannabidiol (CBD) y una cuidadosa selecci\u00f3n de ingredientes naturales, este gel proporciona un alivio r\u00e1pido y duradero para aquellos que sufren de dolores y molestias.  Beneficios:  \u2022 Alivia el dolor muscular y articular. \u2022 Reduce la inflamaci\u00f3n en \u00e1reas afectadas. \u2022 Mejora la circulaci\u00f3n sangu\u00ednea. \u2022 Proporciona un alivio r\u00e1pido y duradero. \u2022 Aroma refrescante y revitalizante.","og_url":"https:\/\/natureshealing.store\/en\/product\/gel-alivio-del-dolor-cbd\/","og_site_name":"Nature&#039;s Healing","article_modified_time":"2026-04-14T15:43:06+00:00","og_image":[{"width":1001,"height":1001,"url":"https:\/\/natureshealing.store\/wp-content\/uploads\/2024\/08\/GEL-ALIVIO-DEL-DOLOR-NATURE-HEALING-00.webp","type":"image\/webp"}],"twitter_card":"summary_large_image","twitter_misc":{"Est. reading time":"1 minute"},"schema":{"@context":"https:\/\/schema.org","@graph":[{"@type":"WebPage","@id":"https:\/\/natureshealing.store\/product\/gel-alivio-del-dolor-cbd\/","url":"https:\/\/natureshealing.store\/product\/gel-alivio-del-dolor-cbd\/","name":"Gel Alivio Del Dolor + CBD - Nature&#039;s Healing","isPartOf":{"@id":"https:\/\/natureshealing.store\/#website"},"primaryImageOfPage":{"@id":"https:\/\/natureshealing.store\/product\/gel-alivio-del-dolor-cbd\/#primaryimage"},"image":{"@id":"https:\/\/natureshealing.store\/product\/gel-alivio-del-dolor-cbd\/#primaryimage"},"thumbnailUrl":"https:\/\/i0.wp.com\/natureshealing.store\/wp-content\/uploads\/2024\/08\/GEL-ALIVIO-DEL-DOLOR-NATURE-HEALING-00.webp?fit=1001%2C1001&ssl=1","datePublished":"2024-08-03T17:05:50+00:00","dateModified":"2026-04-14T15:43:06+00:00","breadcrumb":{"@id":"https:\/\/natureshealing.store\/product\/gel-alivio-del-dolor-cbd\/#breadcrumb"},"inLanguage":"en-US","potentialAction":[{"@type":"ReadAction","target":["https:\/\/natureshealing.store\/product\/gel-alivio-del-dolor-cbd\/"]}]},{"@type":"ImageObject","inLanguage":"en-US","@id":"https:\/\/natureshealing.store\/product\/gel-alivio-del-dolor-cbd\/#primaryimage","url":"https:\/\/i0.wp.com\/natureshealing.store\/wp-content\/uploads\/2024\/08\/GEL-ALIVIO-DEL-DOLOR-NATURE-HEALING-00.webp?fit=1001%2C1001&ssl=1","contentUrl":"https:\/\/i0.wp.com\/natureshealing.store\/wp-content\/uploads\/2024\/08\/GEL-ALIVIO-DEL-DOLOR-NATURE-HEALING-00.webp?fit=1001%2C1001&ssl=1","width":1001,"height":1001},{"@type":"BreadcrumbList","@id":"https:\/\/natureshealing.store\/product\/gel-alivio-del-dolor-cbd\/#breadcrumb","itemListElement":[{"@type":"ListItem","position":1,"name":"Portada","item":"https:\/\/natureshealing.store\/"},{"@type":"ListItem","position":2,"name":"Tienda","item":"https:\/\/natureshealing.store\/tienda\/"},{"@type":"ListItem","position":3,"name":"Gel Alivio Del Dolor + CBD"}]},{"@type":"WebSite","@id":"https:\/\/natureshealing.store\/#website","url":"https:\/\/natureshealing.store\/","name":"Nature&#039;s Healing","description":"Beauty and Health","publisher":{"@id":"https:\/\/natureshealing.store\/#organization"},"potentialAction":[{"@type":"SearchAction","target":{"@type":"EntryPoint","urlTemplate":"https:\/\/natureshealing.store\/?s={search_term_string}"},"query-input":{"@type":"PropertyValueSpecification","valueRequired":true,"valueName":"search_term_string"}}],"inLanguage":"en-US"},{"@type":"Organization","@id":"https:\/\/natureshealing.store\/#organization","name":"Nature&#039;s Healing","url":"https:\/\/natureshealing.store\/","logo":{"@type":"ImageObject","inLanguage":"en-US","@id":"https:\/\/natureshealing.store\/#\/schema\/logo\/image\/","url":"https:\/\/i0.wp.com\/natureshealing.store\/wp-content\/uploads\/2024\/08\/logo-Nature%C2%B4s-Heeling-horizontal2-1.png?fit=672%2C368&ssl=1","contentUrl":"https:\/\/i0.wp.com\/natureshealing.store\/wp-content\/uploads\/2024\/08\/logo-Nature%C2%B4s-Heeling-horizontal2-1.png?fit=672%2C368&ssl=1","width":672,"height":368,"caption":"Nature&#039;s Healing"},"image":{"@id":"https:\/\/natureshealing.store\/#\/schema\/logo\/image\/"}}]}},"jetpack_sharing_enabled":true,"_links":{"self":[{"href":"https:\/\/natureshealing.store\/en\/wp-json\/wp\/v2\/product\/987803","targetHints":{"allow":["GET"]}}],"collection":[{"href":"https:\/\/natureshealing.store\/en\/wp-json\/wp\/v2\/product"}],"about":[{"href":"https:\/\/natureshealing.store\/en\/wp-json\/wp\/v2\/types\/product"}],"replies":[{"embeddable":true,"href":"https:\/\/natureshealing.store\/en\/wp-json\/wp\/v2\/comments?post=987803"}],"version-history":[{"count":1,"href":"https:\/\/natureshealing.store\/en\/wp-json\/wp\/v2\/product\/987803\/revisions"}],"predecessor-version":[{"id":989102,"href":"https:\/\/natureshealing.store\/en\/wp-json\/wp\/v2\/product\/987803\/revisions\/989102"}],"wp:featuredmedia":[{"embeddable":true,"href":"https:\/\/natureshealing.store\/en\/wp-json\/wp\/v2\/media\/988233"}],"wp:attachment":[{"href":"https:\/\/natureshealing.store\/en\/wp-json\/wp\/v2\/media?parent=987803"}],"wp:term":[{"taxonomy":"product_brand","embeddable":true,"href":"https:\/\/natureshealing.store\/en\/wp-json\/wp\/v2\/product_brand?post=987803"},{"taxonomy":"product_cat","embeddable":true,"href":"https:\/\/natureshealing.store\/en\/wp-json\/wp\/v2\/product_cat?post=987803"},{"taxonomy":"product_tag","embeddable":true,"href":"https:\/\/natureshealing.store\/en\/wp-json\/wp\/v2\/product_tag?post=987803"},{"taxonomy":"giftcard-category","embeddable":true,"href":"https:\/\/natureshealing.store\/en\/wp-json\/wp\/v2\/giftcard-category?post=987803"}],"curies":[{"name":"wp","href":"https:\/\/api.w.org\/{rel}","templated":true}]}}