{"id":3086,"date":"2021-09-08T20:18:53","date_gmt":"2021-09-08T20:18:53","guid":{"rendered":"https:\/\/jolie.vamtam.com\/?page_id=3086"},"modified":"2024-08-05T20:14:30","modified_gmt":"2024-08-05T20:14:30","slug":"devoluciones-y-reembolsos","status":"publish","type":"page","link":"https:\/\/natureshealing.store\/en\/devoluciones-y-reembolsos\/","title":{"rendered":"Returns and Refunds"},"content":{"rendered":"<div data-elementor-type=\"wp-page\" data-elementor-id=\"3086\" class=\"elementor elementor-3086\" data-elementor-post-type=\"page\">\n\t\t\t\t<div class=\"elementor-element elementor-element-375dd026 e-flex e-con-boxed e-con e-parent\" data-id=\"375dd026\" data-element_type=\"container\" data-e-type=\"container\">\n\t\t\t\t\t<div class=\"e-con-inner\">\n\t\t\t\t<div class=\"elementor-element elementor-element-2d9b502d elementor-widget elementor-widget-heading\" data-id=\"2d9b502d\" data-element_type=\"widget\" data-e-type=\"widget\" data-widget_type=\"heading.default\">\n\t\t\t\t<div class=\"elementor-widget-container\">\n\t\t\t\t\t<h2 class=\"elementor-heading-title elementor-size-default\">Nature's Healing<\/h2>\t\t\t\t<\/div>\n\t\t\t\t<\/div>\n\t\t\t\t<div class=\"elementor-element elementor-element-433dbde0 elementor-widget elementor-widget-heading\" data-id=\"433dbde0\" data-element_type=\"widget\" data-e-type=\"widget\" data-widget_type=\"heading.default\">\n\t\t\t\t<div class=\"elementor-widget-container\">\n\t\t\t\t\t<h2 class=\"elementor-heading-title elementor-size-default\">Devoluciones &amp; Reembolsos<\/h2>\t\t\t\t<\/div>\n\t\t\t\t<\/div>\n\t\t\t\t<div class=\"elementor-element elementor-element-7a7deda1 elementor-widget elementor-widget-text-editor\" data-id=\"7a7deda1\" data-element_type=\"widget\" data-e-type=\"widget\" data-widget_type=\"text-editor.default\">\n\t\t\t\t<div class=\"elementor-widget-container\">\n\t\t\t\t\t\t\t\t\t<p><\/p>\n<ul>\n<li>Nuestra pol\u00edtica de reembolsos y devoluciones tiene una duraci\u00f3n de 30 d\u00edas. Si han pasado 30 d\u00edas desde su compra, no podemos ofrecerle un reembolso o cambio completo.<\/li>\n<li>Para ser elegible para una devoluci\u00f3n, su art\u00edculo debe estar sin usar y en las mismas condiciones en que lo recibi\u00f3. Tambi\u00e9n debe estar en el embalaje original.<\/li>\n<\/ul>\n<p><\/p>\t\t\t\t\t\t\t\t<\/div>\n\t\t\t\t<\/div>\n\t\t\t\t<div class=\"elementor-element elementor-element-2e8506a7 elementor-widget elementor-widget-text-editor\" data-id=\"2e8506a7\" data-element_type=\"widget\" data-e-type=\"widget\" data-widget_type=\"text-editor.default\">\n\t\t\t\t<div class=\"elementor-widget-container\">\n\t\t\t\t\t\t\t\t\t<p>Art\u00edculos adicionales no retornables:<\/p>\t\t\t\t\t\t\t\t<\/div>\n\t\t\t\t<\/div>\n\t\t\t\t<div class=\"elementor-element elementor-element-20936c4b elementor-widget elementor-widget-text-editor\" data-id=\"20936c4b\" data-element_type=\"widget\" data-e-type=\"widget\" data-widget_type=\"text-editor.default\">\n\t\t\t\t<div class=\"elementor-widget-container\">\n\t\t\t\t\t\t\t\t\t<p><\/p>\n<ul>\n<li>Tarjetas de regalo<\/li>\n<li>Algunos art\u00edculos de salud y cuidado personal.<\/li>\n<li>Para completar su devoluci\u00f3n,<br \/>Requerimos el comprobante de compra.<\/li>\n<li>Hay determinadas situaciones en las que s\u00f3lo se conceden reembolsos parciales:<\/li>\n<li>Cualquier art\u00edculo que no est\u00e9 en su estado original.<br \/>Est\u00e1 da\u00f1ado o le faltan piezas por razones ajenas a nuestro error.<br \/>Cualquier art\u00edculo que se devuelva m\u00e1s de 30 d\u00edas despu\u00e9s de la entrega.<\/li>\n<\/ul>\n<p><\/p>\t\t\t\t\t\t\t\t<\/div>\n\t\t\t\t<\/div>\n\t\t\t\t<div class=\"elementor-element elementor-element-6b8c60b elementor-widget elementor-widget-text-editor\" data-id=\"6b8c60b\" data-element_type=\"widget\" data-e-type=\"widget\" data-widget_type=\"text-editor.default\">\n\t\t\t\t<div class=\"elementor-widget-container\">\n\t\t\t\t\t\t\t\t\t<p>Reembolsos:<\/p>\t\t\t\t\t\t\t\t<\/div>\n\t\t\t\t<\/div>\n\t\t\t\t<div class=\"elementor-element elementor-element-4827b196 elementor-widget elementor-widget-text-editor\" data-id=\"4827b196\" data-element_type=\"widget\" data-e-type=\"widget\" data-widget_type=\"text-editor.default\">\n\t\t\t\t<div class=\"elementor-widget-container\">\n\t\t\t\t\t\t\t\t\t<ul>\n<li>Una vez recibida e inspeccionada su devoluci\u00f3n, le enviaremos un correo electr\u00f3nico para notificarle que hemos recibido su art\u00edculo devuelto. Tambi\u00e9n le notificaremos la aprobaci\u00f3n o rechazo de su reembolso.<\/li>\n<li>Si eres aprobado, luego se procesar\u00e1 su reembolso y se aplicar\u00e1 autom\u00e1ticamente un cr\u00e9dito a su tarjeta de cr\u00e9dito o m\u00e9todo de pago original, dentro de una cierta cantidad de d\u00edas.<\/li>\n<\/ul>\t\t\t\t\t\t\t\t<\/div>\n\t\t\t\t<\/div>\n\t\t\t\t<div class=\"elementor-element elementor-element-25675e8f elementor-widget elementor-widget-text-editor\" data-id=\"25675e8f\" data-element_type=\"widget\" data-e-type=\"widget\" data-widget_type=\"text-editor.default\">\n\t\t\t\t<div class=\"elementor-widget-container\">\n\t\t\t\t\t\t\t\t\t<p>Reembolsos tard\u00edos o faltantes:<\/p>\t\t\t\t\t\t\t\t<\/div>\n\t\t\t\t<\/div>\n\t\t\t\t<div class=\"elementor-element elementor-element-35fae405 elementor-widget elementor-widget-text-editor\" data-id=\"35fae405\" data-element_type=\"widget\" data-e-type=\"widget\" data-widget_type=\"text-editor.default\">\n\t\t\t\t<div class=\"elementor-widget-container\">\n\t\t\t\t\t\t\t\t\t<p><\/p>\n<ul>\n<li>Si a\u00fan no ha recibido un reembolso, primero verifique nuevamente su cuenta bancaria.<\/li>\n<li>Luego comun\u00edquese con la compa\u00f1\u00eda de su tarjeta de cr\u00e9dito,<br \/>Puede pasar alg\u00fan tiempo antes de que su reembolso se publique oficialmente.<\/li>\n<li>A continuaci\u00f3n contacta con tu banco. A menudo hay alg\u00fan tiempo de procesamiento antes de que se publique un reembolso.<\/li>\n<li>Si ha hecho todo esto y a\u00fan no ha recibido su reembolso, cont\u00e1ctenos en <span style=\"color: #000000;\">info@xsense.store<\/span><\/li>\n<\/ul>\n<p><\/p>\t\t\t\t\t\t\t\t<\/div>\n\t\t\t\t<\/div>\n\t\t\t\t<div class=\"elementor-element elementor-element-40ea84bb elementor-widget elementor-widget-text-editor\" data-id=\"40ea84bb\" data-element_type=\"widget\" data-e-type=\"widget\" data-widget_type=\"text-editor.default\">\n\t\t\t\t<div class=\"elementor-widget-container\">\n\t\t\t\t\t\t\t\t\t<p>Art\u00edculos a la venta:<\/p>\t\t\t\t\t\t\t\t<\/div>\n\t\t\t\t<\/div>\n\t\t\t\t<div class=\"elementor-element elementor-element-78d90198 elementor-widget elementor-widget-text-editor\" data-id=\"78d90198\" data-element_type=\"widget\" data-e-type=\"widget\" data-widget_type=\"text-editor.default\">\n\t\t\t\t<div class=\"elementor-widget-container\">\n\t\t\t\t\t\t\t\t\t<ul>\n<li>S\u00f3lo se podr\u00e1n reembolsar los\u00a0art\u00edculos con precio regular.<\/li>\n<li>Los art\u00edculos en oferta no se pueden reembolsar.<\/li>\n<\/ul>\t\t\t\t\t\t\t\t<\/div>\n\t\t\t\t<\/div>\n\t\t\t\t<div class=\"elementor-element elementor-element-68802931 elementor-widget elementor-widget-text-editor\" data-id=\"68802931\" data-element_type=\"widget\" data-e-type=\"widget\" data-widget_type=\"text-editor.default\">\n\t\t\t\t<div class=\"elementor-widget-container\">\n\t\t\t\t\t\t\t\t\t<p>Intercambios:<\/p>\t\t\t\t\t\t\t\t<\/div>\n\t\t\t\t<\/div>\n\t\t\t\t<div class=\"elementor-element elementor-element-2306f20e elementor-widget elementor-widget-text-editor\" data-id=\"2306f20e\" data-element_type=\"widget\" data-e-type=\"widget\" data-widget_type=\"text-editor.default\">\n\t\t\t\t<div class=\"elementor-widget-container\">\n\t\t\t\t\t\t\t\t\t<p><\/p>\n<ul>\n<li><span style=\"font-style: inherit; font-weight: inherit; color: var( --e-global-color-text ); font-family: var( --e-global-typography-text-font-family ), Sans-serif; text-align: var(--text-align); background-color: var(--ast-global-color-5);\">Solo reemplazamos art\u00edculos si est\u00e1n defectuosos o da\u00f1ados. Si necesita cambiarlo por el mismo art\u00edculo, env\u00edenos un correo electr\u00f3nico a info@xsense.store<\/span><\/li>\n<\/ul>\n<p><\/p>\t\t\t\t\t\t\t\t<\/div>\n\t\t\t\t<\/div>\n\t\t\t\t<div class=\"elementor-element elementor-element-599d1605 elementor-widget elementor-widget-text-editor\" data-id=\"599d1605\" data-element_type=\"widget\" data-e-type=\"widget\" data-widget_type=\"text-editor.default\">\n\t\t\t\t<div class=\"elementor-widget-container\">\n\t\t\t\t\t\t\t\t\t<p>Regalos:<\/p>\t\t\t\t\t\t\t\t<\/div>\n\t\t\t\t<\/div>\n\t\t\t\t<div class=\"elementor-element elementor-element-24ec192d elementor-widget elementor-widget-text-editor\" data-id=\"24ec192d\" data-element_type=\"widget\" data-e-type=\"widget\" data-widget_type=\"text-editor.default\">\n\t\t\t\t<div class=\"elementor-widget-container\">\n\t\t\t\t\t\t\t\t\t<ul>\n<li>Si el art\u00edculo fu\u00e9 marcado como regalo cuando lo compr\u00f3 y lo envi\u00f3 directamente a usted, Recibir\u00e1 un cr\u00e9dito de regalo por el valor de su devoluci\u00f3n. Una vez recibido el art\u00edculo devuelto, se le enviar\u00e1 por correo un certificado de regalo.<\/li>\n<li>Si el art\u00edculo no estaba marcado como regalo cuando se compr\u00f3, o si el obsequio recibi\u00f3 el pedido para entreg\u00e1rselo m\u00e1s tarde, le enviaremos un reembolso al obsequio y \u00e9l se enterar\u00e1 de su devoluci\u00f3n.<\/li>\n<\/ul>\t\t\t\t\t\t\t\t<\/div>\n\t\t\t\t<\/div>\n\t\t\t\t<div class=\"elementor-element elementor-element-6f4e43fa elementor-widget elementor-widget-text-editor\" data-id=\"6f4e43fa\" data-element_type=\"widget\" data-e-type=\"widget\" data-widget_type=\"text-editor.default\">\n\t\t\t\t<div class=\"elementor-widget-container\">\n\t\t\t\t\t\t\t\t\t<p>Env\u00edo y devoluciones:<\/p>\t\t\t\t\t\t\t\t<\/div>\n\t\t\t\t<\/div>\n\t\t\t\t<div class=\"elementor-element elementor-element-98607ca elementor-widget elementor-widget-text-editor\" data-id=\"98607ca\" data-element_type=\"widget\" data-e-type=\"widget\" data-widget_type=\"text-editor.default\">\n\t\t\t\t<div class=\"elementor-widget-container\">\n\t\t\t\t\t\t\t\t\t<p><\/p>\n<p><span style=\"background-color: var(--ast-global-color-5); color: var( --e-global-color-text ); font-family: var( --e-global-typography-text-font-family ), Sans-serif; font-style: inherit; font-weight: inherit; text-align: var(--text-align);\">Usted ser\u00e1 responsable de pagar sus propios costos de env\u00edo para devolver su art\u00edculo. Los gastos de env\u00edo no son reembolsables. Si recibe un reembolso, el costo del env\u00edo de devoluci\u00f3n se deducir\u00e1 de su reembolso.<\/span><\/p>\n<p>Dependiendo de d\u00f3nde vivas,<br \/>El tiempo que puede tardar en llegar el producto cambiado puede variar.<\/p>\n<p>Si devuelve art\u00edculos m\u00e1s caros, puede considerar utilizar un servicio de env\u00edo rastreable o comprar un seguro de env\u00edo. No garantizamos que recibiremos su art\u00edculo devuelto.<\/p>\n<p><\/p>\t\t\t\t\t\t\t\t<\/div>\n\t\t\t\t<\/div>\n\t\t\t\t<div class=\"elementor-element elementor-element-5797cbaf elementor-widget elementor-widget-text-editor\" data-id=\"5797cbaf\" data-element_type=\"widget\" data-e-type=\"widget\" data-widget_type=\"text-editor.default\">\n\t\t\t\t<div class=\"elementor-widget-container\">\n\t\t\t\t\t\t\t\t\t<p>\u00bfNecesitas ayuda?<\/p>\t\t\t\t\t\t\t\t<\/div>\n\t\t\t\t<\/div>\n\t\t\t\t<div class=\"elementor-element elementor-element-4dd27ca3 elementor-widget elementor-widget-text-editor\" data-id=\"4dd27ca3\" data-element_type=\"widget\" data-e-type=\"widget\" data-widget_type=\"text-editor.default\">\n\t\t\t\t<div class=\"elementor-widget-container\">\n\t\t\t\t\t\t\t\t\t<p><\/p>\n<p><span style=\"font-style: inherit; font-weight: inherit; color: var( --e-global-color-text ); font-family: var( --e-global-typography-text-font-family ), Sans-serif; text-align: var(--text-align); background-color: var(--ast-global-color-5);\">Cont\u00e1ctenos al <span style=\"color: #000000;\">info@xsense.store<\/span> si tiene preguntas relacionadas con reembolsos y devoluciones.<\/span><\/p>\n<p><\/p>\t\t\t\t\t\t\t\t<\/div>\n\t\t\t\t<\/div>\n\t\t\t\t\t<\/div>\n\t\t\t\t<\/div>\n\t\t\t\t<\/div>","protected":false},"excerpt":{"rendered":"<p>Nature&#8217;s Healing Devoluciones &#038; Reembolsos Nuestra pol\u00edtica de reembolsos y devoluciones tiene una duraci\u00f3n de 30 d\u00edas. Si han pasado 30 d\u00edas desde su compra, no podemos ofrecerle un reembolso o cambio completo. Para ser elegible para una devoluci\u00f3n, su art\u00edculo debe estar sin usar y en las mismas condiciones en que lo recibi\u00f3. Tambi\u00e9n [&hellip;]<\/p>\n","protected":false},"author":1,"featured_media":0,"parent":0,"menu_order":0,"comment_status":"closed","ping_status":"closed","template":"","meta":{"footnotes":""},"class_list":["post-3086","page","type-page","status-publish","hentry"],"yoast_head":"<!-- This site is optimized with the Yoast SEO plugin v27.4 - https:\/\/yoast.com\/product\/yoast-seo-wordpress\/ -->\n<title>Devoluciones y Reembolsos - Nature&#039;s Healing<\/title>\n<meta name=\"robots\" content=\"index, follow, max-snippet:-1, max-image-preview:large, max-video-preview:-1\" \/>\n<link rel=\"canonical\" href=\"https:\/\/natureshealing.store\/en\/devoluciones-y-reembolsos\/\" \/>\n<meta property=\"og:locale\" content=\"en_US\" \/>\n<meta property=\"og:type\" content=\"article\" \/>\n<meta property=\"og:title\" content=\"Devoluciones y Reembolsos - Nature&#039;s Healing\" \/>\n<meta property=\"og:description\" content=\"Nature&#8217;s Healing Devoluciones &#038; Reembolsos Nuestra pol\u00edtica de reembolsos y devoluciones tiene una duraci\u00f3n de 30 d\u00edas. Si han pasado 30 d\u00edas desde su compra, no podemos ofrecerle un reembolso o cambio completo. Para ser elegible para una devoluci\u00f3n, su art\u00edculo debe estar sin usar y en las mismas condiciones en que lo recibi\u00f3. Tambi\u00e9n [&hellip;]\" \/>\n<meta property=\"og:url\" content=\"https:\/\/natureshealing.store\/en\/devoluciones-y-reembolsos\/\" \/>\n<meta property=\"og:site_name\" content=\"Nature&#039;s Healing\" \/>\n<meta property=\"article:modified_time\" content=\"2024-08-05T20:14:30+00:00\" \/>\n<meta property=\"og:image\" content=\"https:\/\/natureshealing.store\/wp-content\/uploads\/2021\/08\/default.jpg\" \/>\n\t<meta property=\"og:image:width\" content=\"800\" \/>\n\t<meta property=\"og:image:height\" content=\"800\" \/>\n\t<meta property=\"og:image:type\" content=\"image\/jpeg\" \/>\n<meta name=\"twitter:card\" content=\"summary_large_image\" \/>\n<meta name=\"twitter:label1\" content=\"Est. reading time\" \/>\n\t<meta name=\"twitter:data1\" content=\"3 minutes\" \/>\n<script type=\"application\/ld+json\" class=\"yoast-schema-graph\">{\"@context\":\"https:\\\/\\\/schema.org\",\"@graph\":[{\"@type\":\"WebPage\",\"@id\":\"https:\\\/\\\/natureshealing.store\\\/devoluciones-y-reembolsos\\\/\",\"url\":\"https:\\\/\\\/natureshealing.store\\\/devoluciones-y-reembolsos\\\/\",\"name\":\"Devoluciones y Reembolsos - Nature&#039;s Healing\",\"isPartOf\":{\"@id\":\"https:\\\/\\\/natureshealing.store\\\/#website\"},\"datePublished\":\"2021-09-08T20:18:53+00:00\",\"dateModified\":\"2024-08-05T20:14:30+00:00\",\"breadcrumb\":{\"@id\":\"https:\\\/\\\/natureshealing.store\\\/devoluciones-y-reembolsos\\\/#breadcrumb\"},\"inLanguage\":\"en-US\",\"potentialAction\":[{\"@type\":\"ReadAction\",\"target\":[\"https:\\\/\\\/natureshealing.store\\\/devoluciones-y-reembolsos\\\/\"]}]},{\"@type\":\"BreadcrumbList\",\"@id\":\"https:\\\/\\\/natureshealing.store\\\/devoluciones-y-reembolsos\\\/#breadcrumb\",\"itemListElement\":[{\"@type\":\"ListItem\",\"position\":1,\"name\":\"Portada\",\"item\":\"https:\\\/\\\/natureshealing.store\\\/\"},{\"@type\":\"ListItem\",\"position\":2,\"name\":\"Devoluciones y Reembolsos\"}]},{\"@type\":\"WebSite\",\"@id\":\"https:\\\/\\\/natureshealing.store\\\/#website\",\"url\":\"https:\\\/\\\/natureshealing.store\\\/\",\"name\":\"Nature&#039;s Healing\",\"description\":\"Beauty and Health\",\"publisher\":{\"@id\":\"https:\\\/\\\/natureshealing.store\\\/#organization\"},\"potentialAction\":[{\"@type\":\"SearchAction\",\"target\":{\"@type\":\"EntryPoint\",\"urlTemplate\":\"https:\\\/\\\/natureshealing.store\\\/?s={search_term_string}\"},\"query-input\":{\"@type\":\"PropertyValueSpecification\",\"valueRequired\":true,\"valueName\":\"search_term_string\"}}],\"inLanguage\":\"en-US\"},{\"@type\":\"Organization\",\"@id\":\"https:\\\/\\\/natureshealing.store\\\/#organization\",\"name\":\"Nature&#039;s Healing\",\"url\":\"https:\\\/\\\/natureshealing.store\\\/\",\"logo\":{\"@type\":\"ImageObject\",\"inLanguage\":\"en-US\",\"@id\":\"https:\\\/\\\/natureshealing.store\\\/#\\\/schema\\\/logo\\\/image\\\/\",\"url\":\"https:\\\/\\\/i0.wp.com\\\/natureshealing.store\\\/wp-content\\\/uploads\\\/2024\\\/08\\\/logo-Nature%C2%B4s-Heeling-horizontal2-1.png?fit=672%2C368&ssl=1\",\"contentUrl\":\"https:\\\/\\\/i0.wp.com\\\/natureshealing.store\\\/wp-content\\\/uploads\\\/2024\\\/08\\\/logo-Nature%C2%B4s-Heeling-horizontal2-1.png?fit=672%2C368&ssl=1\",\"width\":672,\"height\":368,\"caption\":\"Nature&#039;s Healing\"},\"image\":{\"@id\":\"https:\\\/\\\/natureshealing.store\\\/#\\\/schema\\\/logo\\\/image\\\/\"}}]}<\/script>\n<!-- \/ Yoast SEO plugin. -->","yoast_head_json":{"title":"Devoluciones y Reembolsos - Nature&#039;s Healing","robots":{"index":"index","follow":"follow","max-snippet":"max-snippet:-1","max-image-preview":"max-image-preview:large","max-video-preview":"max-video-preview:-1"},"canonical":"https:\/\/natureshealing.store\/en\/devoluciones-y-reembolsos\/","og_locale":"en_US","og_type":"article","og_title":"Devoluciones y Reembolsos - Nature&#039;s Healing","og_description":"Nature&#8217;s Healing Devoluciones &#038; Reembolsos Nuestra pol\u00edtica de reembolsos y devoluciones tiene una duraci\u00f3n de 30 d\u00edas. Si han pasado 30 d\u00edas desde su compra, no podemos ofrecerle un reembolso o cambio completo. Para ser elegible para una devoluci\u00f3n, su art\u00edculo debe estar sin usar y en las mismas condiciones en que lo recibi\u00f3. Tambi\u00e9n [&hellip;]","og_url":"https:\/\/natureshealing.store\/en\/devoluciones-y-reembolsos\/","og_site_name":"Nature&#039;s Healing","article_modified_time":"2024-08-05T20:14:30+00:00","og_image":[{"width":800,"height":800,"url":"https:\/\/natureshealing.store\/wp-content\/uploads\/2021\/08\/default.jpg","type":"image\/jpeg"}],"twitter_card":"summary_large_image","twitter_misc":{"Est. reading time":"3 minutes"},"schema":{"@context":"https:\/\/schema.org","@graph":[{"@type":"WebPage","@id":"https:\/\/natureshealing.store\/devoluciones-y-reembolsos\/","url":"https:\/\/natureshealing.store\/devoluciones-y-reembolsos\/","name":"Devoluciones y Reembolsos - Nature&#039;s Healing","isPartOf":{"@id":"https:\/\/natureshealing.store\/#website"},"datePublished":"2021-09-08T20:18:53+00:00","dateModified":"2024-08-05T20:14:30+00:00","breadcrumb":{"@id":"https:\/\/natureshealing.store\/devoluciones-y-reembolsos\/#breadcrumb"},"inLanguage":"en-US","potentialAction":[{"@type":"ReadAction","target":["https:\/\/natureshealing.store\/devoluciones-y-reembolsos\/"]}]},{"@type":"BreadcrumbList","@id":"https:\/\/natureshealing.store\/devoluciones-y-reembolsos\/#breadcrumb","itemListElement":[{"@type":"ListItem","position":1,"name":"Portada","item":"https:\/\/natureshealing.store\/"},{"@type":"ListItem","position":2,"name":"Devoluciones y Reembolsos"}]},{"@type":"WebSite","@id":"https:\/\/natureshealing.store\/#website","url":"https:\/\/natureshealing.store\/","name":"Nature&#039;s Healing","description":"Beauty and Health","publisher":{"@id":"https:\/\/natureshealing.store\/#organization"},"potentialAction":[{"@type":"SearchAction","target":{"@type":"EntryPoint","urlTemplate":"https:\/\/natureshealing.store\/?s={search_term_string}"},"query-input":{"@type":"PropertyValueSpecification","valueRequired":true,"valueName":"search_term_string"}}],"inLanguage":"en-US"},{"@type":"Organization","@id":"https:\/\/natureshealing.store\/#organization","name":"Nature&#039;s Healing","url":"https:\/\/natureshealing.store\/","logo":{"@type":"ImageObject","inLanguage":"en-US","@id":"https:\/\/natureshealing.store\/#\/schema\/logo\/image\/","url":"https:\/\/i0.wp.com\/natureshealing.store\/wp-content\/uploads\/2024\/08\/logo-Nature%C2%B4s-Heeling-horizontal2-1.png?fit=672%2C368&ssl=1","contentUrl":"https:\/\/i0.wp.com\/natureshealing.store\/wp-content\/uploads\/2024\/08\/logo-Nature%C2%B4s-Heeling-horizontal2-1.png?fit=672%2C368&ssl=1","width":672,"height":368,"caption":"Nature&#039;s Healing"},"image":{"@id":"https:\/\/natureshealing.store\/#\/schema\/logo\/image\/"}}]}},"jetpack_sharing_enabled":true,"_links":{"self":[{"href":"https:\/\/natureshealing.store\/en\/wp-json\/wp\/v2\/pages\/3086","targetHints":{"allow":["GET"]}}],"collection":[{"href":"https:\/\/natureshealing.store\/en\/wp-json\/wp\/v2\/pages"}],"about":[{"href":"https:\/\/natureshealing.store\/en\/wp-json\/wp\/v2\/types\/page"}],"author":[{"embeddable":true,"href":"https:\/\/natureshealing.store\/en\/wp-json\/wp\/v2\/users\/1"}],"replies":[{"embeddable":true,"href":"https:\/\/natureshealing.store\/en\/wp-json\/wp\/v2\/comments?post=3086"}],"version-history":[{"count":0,"href":"https:\/\/natureshealing.store\/en\/wp-json\/wp\/v2\/pages\/3086\/revisions"}],"wp:attachment":[{"href":"https:\/\/natureshealing.store\/en\/wp-json\/wp\/v2\/media?parent=3086"}],"curies":[{"name":"wp","href":"https:\/\/api.w.org\/{rel}","templated":true}]}}