{"id":3,"date":"2024-06-01T14:09:14","date_gmt":"2024-06-01T14:09:14","guid":{"rendered":"https:\/\/jolie.vamtam.com\/?page_id=3"},"modified":"2024-08-08T15:55:54","modified_gmt":"2024-08-08T15:55:54","slug":"politicas-de-privacidad","status":"publish","type":"page","link":"https:\/\/natureshealing.store\/en\/politicas-de-privacidad\/","title":{"rendered":"Privacy policy"},"content":{"rendered":"<div data-elementor-type=\"wp-page\" data-elementor-id=\"3\" class=\"elementor elementor-3\" data-elementor-post-type=\"page\">\n\t\t\t\t<div class=\"elementor-element elementor-element-720f0482 e-flex e-con-boxed e-con e-parent\" data-id=\"720f0482\" data-element_type=\"container\" data-e-type=\"container\">\n\t\t\t\t\t<div class=\"e-con-inner\">\n\t\t\t\t<div class=\"elementor-element elementor-element-576df717 elementor-widget elementor-widget-heading\" data-id=\"576df717\" data-element_type=\"widget\" data-e-type=\"widget\" data-widget_type=\"heading.default\">\n\t\t\t\t<div class=\"elementor-widget-container\">\n\t\t\t\t\t<h2 class=\"elementor-heading-title elementor-size-default\">Nature's Healing<\/h2>\t\t\t\t<\/div>\n\t\t\t\t<\/div>\n\t\t\t\t<div class=\"elementor-element elementor-element-4689fcfb elementor-widget elementor-widget-heading\" data-id=\"4689fcfb\" data-element_type=\"widget\" data-e-type=\"widget\" data-widget_type=\"heading.default\">\n\t\t\t\t<div class=\"elementor-widget-container\">\n\t\t\t\t\t<h2 class=\"elementor-heading-title elementor-size-default\">Privacy policy<\/h2>\t\t\t\t<\/div>\n\t\t\t\t<\/div>\n\t\t\t\t<div class=\"elementor-element elementor-element-580d9dc4 elementor-widget elementor-widget-text-editor\" data-id=\"580d9dc4\" data-element_type=\"widget\" data-e-type=\"widget\" data-widget_type=\"text-editor.default\">\n\t\t\t\t<div class=\"elementor-widget-container\">\n\t\t\t\t\t\t\t\t\t<p>Esta Pol\u00edtica de Privacidad describe c\u00f3mo Xsense recopila, utiliza y comparte informaci\u00f3n personal de los usuarios de nuestro sitio web y servicios relacionados. Al usar nuestro sitio web y servicios, usted acepta la recopilaci\u00f3n y uso de informaci\u00f3n de acuerdo con esta pol\u00edtica.<\/p>\t\t\t\t\t\t\t\t<\/div>\n\t\t\t\t<\/div>\n\t\t\t\t<div class=\"elementor-element elementor-element-7b069633 elementor-widget elementor-widget-text-editor\" data-id=\"7b069633\" data-element_type=\"widget\" data-e-type=\"widget\" data-widget_type=\"text-editor.default\">\n\t\t\t\t<div class=\"elementor-widget-container\">\n\t\t\t\t\t\t\t\t\t<p>1. Informaci\u00f3n que recopilamos:<\/p>\t\t\t\t\t\t\t\t<\/div>\n\t\t\t\t<\/div>\n\t\t\t\t<div class=\"elementor-element elementor-element-68343a11 elementor-widget elementor-widget-text-editor\" data-id=\"68343a11\" data-element_type=\"widget\" data-e-type=\"widget\" data-widget_type=\"text-editor.default\">\n\t\t\t\t<div class=\"elementor-widget-container\">\n\t\t\t\t\t\t\t\t\t<p>Informaci\u00f3n Personal:\u00a0 Podemos recopilar informaci\u00f3n personal como su nombre, direcci\u00f3n de correo electr\u00f3nico, direcci\u00f3n postal, informaci\u00f3n de contacto y datos de pago cuando realiza compras o se registra en nuestro sitio web.<\/p><p>\u00a0<span style=\"font-style: inherit; font-weight: inherit; color: var( --e-global-color-text ); font-family: var( --e-global-typography-text-font-family ), Sans-serif; text-align: var(--text-align); background-color: var(--ast-global-color-5);\">Informaci\u00f3n de Registro: Cuando visita nuestro sitio web, podemos recopilar autom\u00e1ticamente cierta informaci\u00f3n, incluyendo su direcci\u00f3n IP, tipo de navegador, p\u00e1ginas visitadas, fecha y hora de su visita y otra informaci\u00f3n de seguimiento.<\/span><\/p><p>Cookies y Tecnolog\u00edas Similares: Usamos cookies y tecnolog\u00edas similares para recopilar informaci\u00f3n sobre sus actividades en nuestro sitio web y mejorar su experiencia de usuario. Puede optar por no aceptar cookies cambiando la configuraci\u00f3n de su navegador, pero esto puede afectar la funcionalidad de nuestro sitio web.<\/p>\t\t\t\t\t\t\t\t<\/div>\n\t\t\t\t<\/div>\n\t\t\t\t<div class=\"elementor-element elementor-element-b9aff11 elementor-widget elementor-widget-text-editor\" data-id=\"b9aff11\" data-element_type=\"widget\" data-e-type=\"widget\" data-widget_type=\"text-editor.default\">\n\t\t\t\t<div class=\"elementor-widget-container\">\n\t\t\t\t\t\t\t\t\t<p>2. Usos de la Informaci\u00f3n:<\/p>\t\t\t\t\t\t\t\t<\/div>\n\t\t\t\t<\/div>\n\t\t\t\t<div class=\"elementor-element elementor-element-7078ca73 elementor-widget elementor-widget-text-editor\" data-id=\"7078ca73\" data-element_type=\"widget\" data-e-type=\"widget\" data-widget_type=\"text-editor.default\">\n\t\t\t\t<div class=\"elementor-widget-container\">\n\t\t\t\t\t\t\t\t\t<p>Usamos la informaci\u00f3n que recopilamos para: Procesar sus pedidos y proporcionarle los productos y servicios que solicita. Personalizar su experiencia en nuestro sitio web y mejorar nuestros productos y servicios. Comunicarnos con usted sobre su cuenta, pedidos y promociones. Cumplir con nuestras obligaciones legales y proteger nuestros derechos y propiedad.<\/p>\t\t\t\t\t\t\t\t<\/div>\n\t\t\t\t<\/div>\n\t\t\t\t<div class=\"elementor-element elementor-element-3c00afcc elementor-widget elementor-widget-text-editor\" data-id=\"3c00afcc\" data-element_type=\"widget\" data-e-type=\"widget\" data-widget_type=\"text-editor.default\">\n\t\t\t\t<div class=\"elementor-widget-container\">\n\t\t\t\t\t\t\t\t\t<p>3. Compartir la Informaci\u00f3n<\/p>\t\t\t\t\t\t\t\t<\/div>\n\t\t\t\t<\/div>\n\t\t\t\t<div class=\"elementor-element elementor-element-4eedf33 elementor-widget elementor-widget-text-editor\" data-id=\"4eedf33\" data-element_type=\"widget\" data-e-type=\"widget\" data-widget_type=\"text-editor.default\">\n\t\t\t\t<div class=\"elementor-widget-container\">\n\t\t\t\t\t\t\t\t\t<p>Podemos compartir su informaci\u00f3n personal con proveedores de servicios terceros que nos ayudan a operar nuestro sitio web y a proporcionarle productos y servicios. Tambi\u00e9n podemos divulgar su informaci\u00f3n cuando sea necesario para cumplir con la ley o para proteger nuestros derechos y propiedad.<\/p>\t\t\t\t\t\t\t\t<\/div>\n\t\t\t\t<\/div>\n\t\t\t\t<div class=\"elementor-element elementor-element-428ddf17 elementor-widget elementor-widget-text-editor\" data-id=\"428ddf17\" data-element_type=\"widget\" data-e-type=\"widget\" data-widget_type=\"text-editor.default\">\n\t\t\t\t<div class=\"elementor-widget-container\">\n\t\t\t\t\t\t\t\t\t<p>4. Seguridad de la Informaci\u00f3n<\/p>\t\t\t\t\t\t\t\t<\/div>\n\t\t\t\t<\/div>\n\t\t\t\t<div class=\"elementor-element elementor-element-5728716 elementor-widget elementor-widget-text-editor\" data-id=\"5728716\" data-element_type=\"widget\" data-e-type=\"widget\" data-widget_type=\"text-editor.default\">\n\t\t\t\t<div class=\"elementor-widget-container\">\n\t\t\t\t\t\t\t\t\t<p>Podemos compartir su informaci\u00f3n personal con proveedores de servicios terceros que nos ayudan a operar nuestro sitio web y a proporcionarle productos y servicios. Tambi\u00e9n podemos divulgar su informaci\u00f3n cuando sea necesario para cumplir con la ley o para proteger nuestros derechos y propiedad.<\/p>\t\t\t\t\t\t\t\t<\/div>\n\t\t\t\t<\/div>\n\t\t\t\t<div class=\"elementor-element elementor-element-7d34c0c8 elementor-widget elementor-widget-text-editor\" data-id=\"7d34c0c8\" data-element_type=\"widget\" data-e-type=\"widget\" data-widget_type=\"text-editor.default\">\n\t\t\t\t<div class=\"elementor-widget-container\">\n\t\t\t\t\t\t\t\t\t<p>5. Sus Derechos<\/p>\t\t\t\t\t\t\t\t<\/div>\n\t\t\t\t<\/div>\n\t\t\t\t<div class=\"elementor-element elementor-element-4a2b8763 elementor-widget elementor-widget-text-editor\" data-id=\"4a2b8763\" data-element_type=\"widget\" data-e-type=\"widget\" data-widget_type=\"text-editor.default\">\n\t\t\t\t<div class=\"elementor-widget-container\">\n\t\t\t\t\t\t\t\t\t<p>Usted tiene ciertos derechos respecto a su informaci\u00f3n personal, incluyendo el derecho a acceder, corregir, eliminar y oponerse al procesamiento de su informaci\u00f3n. Para ejercer estos derechos, por favor cont\u00e1ctenos utilizando la informaci\u00f3n de contacto proporcionada al final de esta pol\u00edtica.<\/p>\t\t\t\t\t\t\t\t<\/div>\n\t\t\t\t<\/div>\n\t\t\t\t<div class=\"elementor-element elementor-element-4a7c29c6 elementor-widget elementor-widget-text-editor\" data-id=\"4a7c29c6\" data-element_type=\"widget\" data-e-type=\"widget\" data-widget_type=\"text-editor.default\">\n\t\t\t\t<div class=\"elementor-widget-container\">\n\t\t\t\t\t\t\t\t\t<p>6. Cambios en esta Pol\u00edtica<\/p>\t\t\t\t\t\t\t\t<\/div>\n\t\t\t\t<\/div>\n\t\t\t\t<div class=\"elementor-element elementor-element-cdf4dbe elementor-widget elementor-widget-text-editor\" data-id=\"cdf4dbe\" data-element_type=\"widget\" data-e-type=\"widget\" data-widget_type=\"text-editor.default\">\n\t\t\t\t<div class=\"elementor-widget-container\">\n\t\t\t\t\t\t\t\t\t<p>Nos reservamos el derecho de actualizar o cambiar nuestra Pol\u00edtica de Privacidad en cualquier momento. Usted ser\u00e1 notificado de cualquier cambio publicando la Pol\u00edtica de Privacidad actualizada en nuestro sitio web.<\/p>\t\t\t\t\t\t\t\t<\/div>\n\t\t\t\t<\/div>\n\t\t\t\t<div class=\"elementor-element elementor-element-171e2c8a elementor-widget elementor-widget-text-editor\" data-id=\"171e2c8a\" data-element_type=\"widget\" data-e-type=\"widget\" data-widget_type=\"text-editor.default\">\n\t\t\t\t<div class=\"elementor-widget-container\">\n\t\t\t\t\t\t\t\t\t<p>7. Contacto<\/p>\t\t\t\t\t\t\t\t<\/div>\n\t\t\t\t<\/div>\n\t\t\t\t<div class=\"elementor-element elementor-element-795b2c4c elementor-widget elementor-widget-text-editor\" data-id=\"795b2c4c\" data-element_type=\"widget\" data-e-type=\"widget\" data-widget_type=\"text-editor.default\">\n\t\t\t\t<div class=\"elementor-widget-container\">\n\t\t\t\t\t\t\t\t\t<p>Si tiene alguna pregunta sobre esta Pol\u00edtica de Privacidad, puede contactarnos en info@xsense.store<\/p><p>Al usar nuestro sitio web y nuestros servicios, usted acepta los t\u00e9rminos de esta Pol\u00edtica de Privacidad.<\/p>\t\t\t\t\t\t\t\t<\/div>\n\t\t\t\t<\/div>\n\t\t\t\t\t<\/div>\n\t\t\t\t<\/div>\n\t\t\t\t<\/div>","protected":false},"excerpt":{"rendered":"<p>Nature&#8217;s Healing Pol\u00edticas de Privacidad Esta Pol\u00edtica de Privacidad describe c\u00f3mo Xsense recopila, utiliza y comparte informaci\u00f3n personal de los usuarios de nuestro sitio web y servicios relacionados. Al usar nuestro sitio web y servicios, usted acepta la recopilaci\u00f3n y uso de informaci\u00f3n de acuerdo con esta pol\u00edtica. 1. Informaci\u00f3n que recopilamos: Informaci\u00f3n Personal:\u00a0 Podemos [&hellip;]<\/p>\n","protected":false},"author":1,"featured_media":0,"parent":0,"menu_order":0,"comment_status":"closed","ping_status":"closed","template":"","meta":{"footnotes":""},"class_list":["post-3","page","type-page","status-publish","hentry"],"yoast_head":"<!-- This site is optimized with the Yoast SEO plugin v27.4 - https:\/\/yoast.com\/product\/yoast-seo-wordpress\/ -->\n<title>Pol\u00edticas de Privacidad - Nature&#039;s Healing<\/title>\n<meta name=\"robots\" content=\"index, follow, max-snippet:-1, max-image-preview:large, max-video-preview:-1\" \/>\n<link rel=\"canonical\" href=\"https:\/\/natureshealing.store\/en\/politicas-de-privacidad\/\" \/>\n<meta property=\"og:locale\" content=\"en_US\" \/>\n<meta property=\"og:type\" content=\"article\" \/>\n<meta property=\"og:title\" content=\"Pol\u00edticas de Privacidad - Nature&#039;s Healing\" \/>\n<meta property=\"og:description\" content=\"Nature&#8217;s Healing Pol\u00edticas de Privacidad Esta Pol\u00edtica de Privacidad describe c\u00f3mo Xsense recopila, utiliza y comparte informaci\u00f3n personal de los usuarios de nuestro sitio web y servicios relacionados. Al usar nuestro sitio web y servicios, usted acepta la recopilaci\u00f3n y uso de informaci\u00f3n de acuerdo con esta pol\u00edtica. 1. Informaci\u00f3n que recopilamos: Informaci\u00f3n Personal:\u00a0 Podemos [&hellip;]\" \/>\n<meta property=\"og:url\" content=\"https:\/\/natureshealing.store\/en\/politicas-de-privacidad\/\" \/>\n<meta property=\"og:site_name\" content=\"Nature&#039;s Healing\" \/>\n<meta property=\"article:modified_time\" content=\"2024-08-08T15:55:54+00:00\" \/>\n<meta property=\"og:image\" content=\"https:\/\/natureshealing.store\/wp-content\/uploads\/2021\/08\/default.jpg\" \/>\n\t<meta property=\"og:image:width\" content=\"800\" \/>\n\t<meta property=\"og:image:height\" content=\"800\" \/>\n\t<meta property=\"og:image:type\" content=\"image\/jpeg\" \/>\n<meta name=\"twitter:card\" content=\"summary_large_image\" \/>\n<meta name=\"twitter:label1\" content=\"Est. reading time\" \/>\n\t<meta name=\"twitter:data1\" content=\"2 minutes\" \/>\n<script type=\"application\/ld+json\" class=\"yoast-schema-graph\">{\"@context\":\"https:\\\/\\\/schema.org\",\"@graph\":[{\"@type\":\"WebPage\",\"@id\":\"https:\\\/\\\/natureshealing.store\\\/politicas-de-privacidad\\\/\",\"url\":\"https:\\\/\\\/natureshealing.store\\\/politicas-de-privacidad\\\/\",\"name\":\"Pol\u00edticas de Privacidad - Nature&#039;s Healing\",\"isPartOf\":{\"@id\":\"https:\\\/\\\/natureshealing.store\\\/#website\"},\"datePublished\":\"2024-06-01T14:09:14+00:00\",\"dateModified\":\"2024-08-08T15:55:54+00:00\",\"breadcrumb\":{\"@id\":\"https:\\\/\\\/natureshealing.store\\\/politicas-de-privacidad\\\/#breadcrumb\"},\"inLanguage\":\"en-US\",\"potentialAction\":[{\"@type\":\"ReadAction\",\"target\":[\"https:\\\/\\\/natureshealing.store\\\/politicas-de-privacidad\\\/\"]}]},{\"@type\":\"BreadcrumbList\",\"@id\":\"https:\\\/\\\/natureshealing.store\\\/politicas-de-privacidad\\\/#breadcrumb\",\"itemListElement\":[{\"@type\":\"ListItem\",\"position\":1,\"name\":\"Portada\",\"item\":\"https:\\\/\\\/natureshealing.store\\\/\"},{\"@type\":\"ListItem\",\"position\":2,\"name\":\"Pol\u00edticas de Privacidad\"}]},{\"@type\":\"WebSite\",\"@id\":\"https:\\\/\\\/natureshealing.store\\\/#website\",\"url\":\"https:\\\/\\\/natureshealing.store\\\/\",\"name\":\"Nature&#039;s Healing\",\"description\":\"Beauty and Health\",\"publisher\":{\"@id\":\"https:\\\/\\\/natureshealing.store\\\/#organization\"},\"potentialAction\":[{\"@type\":\"SearchAction\",\"target\":{\"@type\":\"EntryPoint\",\"urlTemplate\":\"https:\\\/\\\/natureshealing.store\\\/?s={search_term_string}\"},\"query-input\":{\"@type\":\"PropertyValueSpecification\",\"valueRequired\":true,\"valueName\":\"search_term_string\"}}],\"inLanguage\":\"en-US\"},{\"@type\":\"Organization\",\"@id\":\"https:\\\/\\\/natureshealing.store\\\/#organization\",\"name\":\"Nature&#039;s Healing\",\"url\":\"https:\\\/\\\/natureshealing.store\\\/\",\"logo\":{\"@type\":\"ImageObject\",\"inLanguage\":\"en-US\",\"@id\":\"https:\\\/\\\/natureshealing.store\\\/#\\\/schema\\\/logo\\\/image\\\/\",\"url\":\"https:\\\/\\\/i0.wp.com\\\/natureshealing.store\\\/wp-content\\\/uploads\\\/2024\\\/08\\\/logo-Nature%C2%B4s-Heeling-horizontal2-1.png?fit=672%2C368&ssl=1\",\"contentUrl\":\"https:\\\/\\\/i0.wp.com\\\/natureshealing.store\\\/wp-content\\\/uploads\\\/2024\\\/08\\\/logo-Nature%C2%B4s-Heeling-horizontal2-1.png?fit=672%2C368&ssl=1\",\"width\":672,\"height\":368,\"caption\":\"Nature&#039;s Healing\"},\"image\":{\"@id\":\"https:\\\/\\\/natureshealing.store\\\/#\\\/schema\\\/logo\\\/image\\\/\"}}]}<\/script>\n<!-- \/ Yoast SEO plugin. -->","yoast_head_json":{"title":"Pol\u00edticas de Privacidad - Nature&#039;s Healing","robots":{"index":"index","follow":"follow","max-snippet":"max-snippet:-1","max-image-preview":"max-image-preview:large","max-video-preview":"max-video-preview:-1"},"canonical":"https:\/\/natureshealing.store\/en\/politicas-de-privacidad\/","og_locale":"en_US","og_type":"article","og_title":"Pol\u00edticas de Privacidad - Nature&#039;s Healing","og_description":"Nature&#8217;s Healing Pol\u00edticas de Privacidad Esta Pol\u00edtica de Privacidad describe c\u00f3mo Xsense recopila, utiliza y comparte informaci\u00f3n personal de los usuarios de nuestro sitio web y servicios relacionados. Al usar nuestro sitio web y servicios, usted acepta la recopilaci\u00f3n y uso de informaci\u00f3n de acuerdo con esta pol\u00edtica. 1. Informaci\u00f3n que recopilamos: Informaci\u00f3n Personal:\u00a0 Podemos [&hellip;]","og_url":"https:\/\/natureshealing.store\/en\/politicas-de-privacidad\/","og_site_name":"Nature&#039;s Healing","article_modified_time":"2024-08-08T15:55:54+00:00","og_image":[{"width":800,"height":800,"url":"https:\/\/natureshealing.store\/wp-content\/uploads\/2021\/08\/default.jpg","type":"image\/jpeg"}],"twitter_card":"summary_large_image","twitter_misc":{"Est. reading time":"2 minutes"},"schema":{"@context":"https:\/\/schema.org","@graph":[{"@type":"WebPage","@id":"https:\/\/natureshealing.store\/politicas-de-privacidad\/","url":"https:\/\/natureshealing.store\/politicas-de-privacidad\/","name":"Pol\u00edticas de Privacidad - Nature&#039;s Healing","isPartOf":{"@id":"https:\/\/natureshealing.store\/#website"},"datePublished":"2024-06-01T14:09:14+00:00","dateModified":"2024-08-08T15:55:54+00:00","breadcrumb":{"@id":"https:\/\/natureshealing.store\/politicas-de-privacidad\/#breadcrumb"},"inLanguage":"en-US","potentialAction":[{"@type":"ReadAction","target":["https:\/\/natureshealing.store\/politicas-de-privacidad\/"]}]},{"@type":"BreadcrumbList","@id":"https:\/\/natureshealing.store\/politicas-de-privacidad\/#breadcrumb","itemListElement":[{"@type":"ListItem","position":1,"name":"Portada","item":"https:\/\/natureshealing.store\/"},{"@type":"ListItem","position":2,"name":"Pol\u00edticas de Privacidad"}]},{"@type":"WebSite","@id":"https:\/\/natureshealing.store\/#website","url":"https:\/\/natureshealing.store\/","name":"Nature&#039;s Healing","description":"Beauty and Health","publisher":{"@id":"https:\/\/natureshealing.store\/#organization"},"potentialAction":[{"@type":"SearchAction","target":{"@type":"EntryPoint","urlTemplate":"https:\/\/natureshealing.store\/?s={search_term_string}"},"query-input":{"@type":"PropertyValueSpecification","valueRequired":true,"valueName":"search_term_string"}}],"inLanguage":"en-US"},{"@type":"Organization","@id":"https:\/\/natureshealing.store\/#organization","name":"Nature&#039;s Healing","url":"https:\/\/natureshealing.store\/","logo":{"@type":"ImageObject","inLanguage":"en-US","@id":"https:\/\/natureshealing.store\/#\/schema\/logo\/image\/","url":"https:\/\/i0.wp.com\/natureshealing.store\/wp-content\/uploads\/2024\/08\/logo-Nature%C2%B4s-Heeling-horizontal2-1.png?fit=672%2C368&ssl=1","contentUrl":"https:\/\/i0.wp.com\/natureshealing.store\/wp-content\/uploads\/2024\/08\/logo-Nature%C2%B4s-Heeling-horizontal2-1.png?fit=672%2C368&ssl=1","width":672,"height":368,"caption":"Nature&#039;s Healing"},"image":{"@id":"https:\/\/natureshealing.store\/#\/schema\/logo\/image\/"}}]}},"jetpack_sharing_enabled":true,"_links":{"self":[{"href":"https:\/\/natureshealing.store\/en\/wp-json\/wp\/v2\/pages\/3","targetHints":{"allow":["GET"]}}],"collection":[{"href":"https:\/\/natureshealing.store\/en\/wp-json\/wp\/v2\/pages"}],"about":[{"href":"https:\/\/natureshealing.store\/en\/wp-json\/wp\/v2\/types\/page"}],"author":[{"embeddable":true,"href":"https:\/\/natureshealing.store\/en\/wp-json\/wp\/v2\/users\/1"}],"replies":[{"embeddable":true,"href":"https:\/\/natureshealing.store\/en\/wp-json\/wp\/v2\/comments?post=3"}],"version-history":[{"count":0,"href":"https:\/\/natureshealing.store\/en\/wp-json\/wp\/v2\/pages\/3\/revisions"}],"wp:attachment":[{"href":"https:\/\/natureshealing.store\/en\/wp-json\/wp\/v2\/media?parent=3"}],"curies":[{"name":"wp","href":"https:\/\/api.w.org\/{rel}","templated":true}]}}